{"id":11,"date":"2018-01-03T15:31:21","date_gmt":"2018-01-03T15:31:21","guid":{"rendered":"http:\/\/server.paap.cup.edu.uy\/wordpress_pf\/?page_id=11"},"modified":"2019-09-27T17:14:11","modified_gmt":"2019-09-27T17:14:11","slug":"ensenanza","status":"publish","type":"page","link":"https:\/\/ecologiafluvial.cup.edu.uy\/index.php\/ensenanza\/","title":{"rendered":"Ense\u00f1anza"},"content":{"rendered":"<h4><span style=\"color: #008000;\"><strong>Cursos de Grado\u00a0<\/strong><\/span><\/h4>\n<div id='gallery-1' class='gallery galleryid-11 gallery-columns-4 gallery-size-medium'><figure class='gallery-item'>\n\t\t\t<div class='gallery-icon landscape'>\n\t\t\t\t<img loading=\"lazy\" decoding=\"async\" width=\"300\" height=\"225\" src=\"https:\/\/ecologiafluvial.cup.edu.uy\/wp-content\/uploads\/2018\/01\/01-4-300x225.jpg\" class=\"attachment-medium size-medium\" alt=\"\" srcset=\"https:\/\/ecologiafluvial.cup.edu.uy\/wp-content\/uploads\/2018\/01\/01-4-300x225.jpg 300w, https:\/\/ecologiafluvial.cup.edu.uy\/wp-content\/uploads\/2018\/01\/01-4-466x350.jpg 466w, https:\/\/ecologiafluvial.cup.edu.uy\/wp-content\/uploads\/2018\/01\/01-4.jpg 630w\" sizes=\"auto, (max-width: 300px) 100vw, 300px\" \/>\n\t\t\t<\/div><\/figure><figure class='gallery-item'>\n\t\t\t<div class='gallery-icon landscape'>\n\t\t\t\t<img loading=\"lazy\" decoding=\"async\" width=\"300\" height=\"225\" src=\"https:\/\/ecologiafluvial.cup.edu.uy\/wp-content\/uploads\/2018\/01\/02-2-300x225.jpg\" class=\"attachment-medium size-medium\" alt=\"\" srcset=\"https:\/\/ecologiafluvial.cup.edu.uy\/wp-content\/uploads\/2018\/01\/02-2-300x225.jpg 300w, https:\/\/ecologiafluvial.cup.edu.uy\/wp-content\/uploads\/2018\/01\/02-2-467x350.jpg 467w, https:\/\/ecologiafluvial.cup.edu.uy\/wp-content\/uploads\/2018\/01\/02-2.jpg 651w\" sizes=\"auto, (max-width: 300px) 100vw, 300px\" \/>\n\t\t\t<\/div><\/figure><figure class='gallery-item'>\n\t\t\t<div class='gallery-icon landscape'>\n\t\t\t\t<img loading=\"lazy\" decoding=\"async\" width=\"300\" height=\"225\" src=\"https:\/\/ecologiafluvial.cup.edu.uy\/wp-content\/uploads\/2018\/01\/03-2-300x225.jpg\" class=\"attachment-medium size-medium\" alt=\"\" srcset=\"https:\/\/ecologiafluvial.cup.edu.uy\/wp-content\/uploads\/2018\/01\/03-2-300x225.jpg 300w, https:\/\/ecologiafluvial.cup.edu.uy\/wp-content\/uploads\/2018\/01\/03-2-466x350.jpg 466w, https:\/\/ecologiafluvial.cup.edu.uy\/wp-content\/uploads\/2018\/01\/03-2.jpg 623w\" sizes=\"auto, (max-width: 300px) 100vw, 300px\" \/>\n\t\t\t<\/div><\/figure><figure class='gallery-item'>\n\t\t\t<div class='gallery-icon landscape'>\n\t\t\t\t<img loading=\"lazy\" decoding=\"async\" width=\"300\" height=\"225\" src=\"https:\/\/ecologiafluvial.cup.edu.uy\/wp-content\/uploads\/2018\/01\/04-1-300x225.jpg\" class=\"attachment-medium size-medium\" alt=\"\" srcset=\"https:\/\/ecologiafluvial.cup.edu.uy\/wp-content\/uploads\/2018\/01\/04-1-300x225.jpg 300w, https:\/\/ecologiafluvial.cup.edu.uy\/wp-content\/uploads\/2018\/01\/04-1-466x350.jpg 466w, https:\/\/ecologiafluvial.cup.edu.uy\/wp-content\/uploads\/2018\/01\/04-1.jpg 633w\" sizes=\"auto, (max-width: 300px) 100vw, 300px\" \/>\n\t\t\t<\/div><\/figure><figure class='gallery-item'>\n\t\t\t<div class='gallery-icon landscape'>\n\t\t\t\t<img loading=\"lazy\" decoding=\"async\" width=\"300\" height=\"192\" src=\"https:\/\/ecologiafluvial.cup.edu.uy\/wp-content\/uploads\/2019\/09\/08-e1569604048558-300x192.jpg\" class=\"attachment-medium size-medium\" alt=\"\" srcset=\"https:\/\/ecologiafluvial.cup.edu.uy\/wp-content\/uploads\/2019\/09\/08-e1569604048558-300x192.jpg 300w, https:\/\/ecologiafluvial.cup.edu.uy\/wp-content\/uploads\/2019\/09\/08-e1569604048558-768x492.jpg 768w, https:\/\/ecologiafluvial.cup.edu.uy\/wp-content\/uploads\/2019\/09\/08-e1569604048558-1024x656.jpg 1024w, https:\/\/ecologiafluvial.cup.edu.uy\/wp-content\/uploads\/2019\/09\/08-e1569604048558-405x259.jpg 405w, https:\/\/ecologiafluvial.cup.edu.uy\/wp-content\/uploads\/2019\/09\/08-e1569604048558-546x350.jpg 546w\" sizes=\"auto, (max-width: 300px) 100vw, 300px\" \/>\n\t\t\t<\/div><\/figure><figure class='gallery-item'>\n\t\t\t<div class='gallery-icon landscape'>\n\t\t\t\t<img loading=\"lazy\" decoding=\"async\" width=\"300\" height=\"200\" src=\"https:\/\/ecologiafluvial.cup.edu.uy\/wp-content\/uploads\/2019\/09\/07-300x200.jpg\" class=\"attachment-medium size-medium\" alt=\"\" srcset=\"https:\/\/ecologiafluvial.cup.edu.uy\/wp-content\/uploads\/2019\/09\/07-300x200.jpg 300w, https:\/\/ecologiafluvial.cup.edu.uy\/wp-content\/uploads\/2019\/09\/07-768x512.jpg 768w, https:\/\/ecologiafluvial.cup.edu.uy\/wp-content\/uploads\/2019\/09\/07-1024x683.jpg 1024w, https:\/\/ecologiafluvial.cup.edu.uy\/wp-content\/uploads\/2019\/09\/07-405x270.jpg 405w, https:\/\/ecologiafluvial.cup.edu.uy\/wp-content\/uploads\/2019\/09\/07-525x350.jpg 525w\" sizes=\"auto, (max-width: 300px) 100vw, 300px\" \/>\n\t\t\t<\/div><\/figure><figure class='gallery-item'>\n\t\t\t<div class='gallery-icon landscape'>\n\t\t\t\t<img loading=\"lazy\" decoding=\"async\" width=\"300\" height=\"200\" src=\"https:\/\/ecologiafluvial.cup.edu.uy\/wp-content\/uploads\/2019\/09\/06-300x200.jpg\" class=\"attachment-medium size-medium\" alt=\"\" srcset=\"https:\/\/ecologiafluvial.cup.edu.uy\/wp-content\/uploads\/2019\/09\/06-300x200.jpg 300w, https:\/\/ecologiafluvial.cup.edu.uy\/wp-content\/uploads\/2019\/09\/06-768x512.jpg 768w, https:\/\/ecologiafluvial.cup.edu.uy\/wp-content\/uploads\/2019\/09\/06-1024x683.jpg 1024w, https:\/\/ecologiafluvial.cup.edu.uy\/wp-content\/uploads\/2019\/09\/06-405x270.jpg 405w, https:\/\/ecologiafluvial.cup.edu.uy\/wp-content\/uploads\/2019\/09\/06-525x350.jpg 525w\" sizes=\"auto, (max-width: 300px) 100vw, 300px\" \/>\n\t\t\t<\/div><\/figure><figure class='gallery-item'>\n\t\t\t<div class='gallery-icon landscape'>\n\t\t\t\t<img loading=\"lazy\" decoding=\"async\" width=\"300\" height=\"200\" src=\"https:\/\/ecologiafluvial.cup.edu.uy\/wp-content\/uploads\/2019\/09\/05-300x200.jpg\" class=\"attachment-medium size-medium\" alt=\"\" srcset=\"https:\/\/ecologiafluvial.cup.edu.uy\/wp-content\/uploads\/2019\/09\/05-300x200.jpg 300w, https:\/\/ecologiafluvial.cup.edu.uy\/wp-content\/uploads\/2019\/09\/05-768x512.jpg 768w, https:\/\/ecologiafluvial.cup.edu.uy\/wp-content\/uploads\/2019\/09\/05-1024x683.jpg 1024w, https:\/\/ecologiafluvial.cup.edu.uy\/wp-content\/uploads\/2019\/09\/05-405x270.jpg 405w, https:\/\/ecologiafluvial.cup.edu.uy\/wp-content\/uploads\/2019\/09\/05-525x350.jpg 525w\" sizes=\"auto, (max-width: 300px) 100vw, 300px\" \/>\n\t\t\t<\/div><\/figure>\n\t\t<\/div>\n\n<ul>\n<li><u>Medio Ambiente y Calidad de Agua<\/u> (Coordinaci\u00f3n: Lucas)<br \/>\nLicenciatura en Ciencias H\u00eddricas (Departamento del Agua, Centro Universitario Regional Litoral Norte, Salto).\u00a0<u><br \/>\n<\/u>Curso semestral de grado, Te\u00f3rico-Pr\u00e1ctico.<br \/>\n75 horas de clase divididas en 71 h te\u00f3ricas y talleres en clase y 14 horas de pr\u00e1ctica en Salidas de campo.<\/li>\n<li style=\"text-align: justify;\"><u>Biolog\u00eda General<br \/>\n<\/u>Ciclo Inicial Optativo (CIO) Salud, Centro Universitario Regional Litoral Norte, Paysand\u00fa.<br \/>\nClases te\u00f3ricas en Reproducci\u00f3n y Crecimiento Vegetal, Vegetaci\u00f3n en el Tiempo, Ecolog\u00eda de Comunidades y Ecolog\u00eda de Ecosistemas.<\/li>\n<li style=\"text-align: justify;\"><u>Introducci\u00f3n a la Biolog\u00eda<br \/>\n<\/u>Ciclo Inicial Optativo (CIO) CyT, Centro Universitario Regional Litoral Norte, Salto.<br \/>\nClases te\u00f3ricas en Reproducci\u00f3n y Crecimiento Vegetal, Vegetaci\u00f3n en el Tiempo y Ecolog\u00eda de Ecosistemas<\/li>\n<\/ul>\n<p>&nbsp;<\/p>\n<h4><span style=\"color: #008000;\"><strong>Cursos de Post-Grado\u00a0<\/strong><\/span><\/h4>\n<div id='gallery-2' class='gallery galleryid-11 gallery-columns-4 gallery-size-medium'><figure class='gallery-item'>\n\t\t\t<div class='gallery-icon landscape'>\n\t\t\t\t<img loading=\"lazy\" decoding=\"async\" width=\"300\" height=\"225\" src=\"https:\/\/ecologiafluvial.cup.edu.uy\/wp-content\/uploads\/2018\/01\/05-1-300x225.jpg\" class=\"attachment-medium size-medium\" alt=\"\" srcset=\"https:\/\/ecologiafluvial.cup.edu.uy\/wp-content\/uploads\/2018\/01\/05-1-300x225.jpg 300w, https:\/\/ecologiafluvial.cup.edu.uy\/wp-content\/uploads\/2018\/01\/05-1-468x350.jpg 468w, https:\/\/ecologiafluvial.cup.edu.uy\/wp-content\/uploads\/2018\/01\/05-1.jpg 473w\" sizes=\"auto, (max-width: 300px) 100vw, 300px\" \/>\n\t\t\t<\/div><\/figure><figure class='gallery-item'>\n\t\t\t<div class='gallery-icon landscape'>\n\t\t\t\t<img loading=\"lazy\" decoding=\"async\" width=\"300\" height=\"222\" src=\"https:\/\/ecologiafluvial.cup.edu.uy\/wp-content\/uploads\/2018\/01\/06-1-300x222.jpg\" class=\"attachment-medium size-medium\" alt=\"\" srcset=\"https:\/\/ecologiafluvial.cup.edu.uy\/wp-content\/uploads\/2018\/01\/06-1-300x222.jpg 300w, https:\/\/ecologiafluvial.cup.edu.uy\/wp-content\/uploads\/2018\/01\/06-1-473x350.jpg 473w, https:\/\/ecologiafluvial.cup.edu.uy\/wp-content\/uploads\/2018\/01\/06-1.jpg 480w\" sizes=\"auto, (max-width: 300px) 100vw, 300px\" \/>\n\t\t\t<\/div><\/figure>\n\t\t<\/div>\n\n<ul>\n<li><span style=\"text-decoration: underline;\">Ecolog\u00eda y Conservaci\u00f3n de Bosques<\/span> (Coordinaci\u00f3n: Dr. Brazeiro y Dra. Lucas)<br \/>\nMaestr\u00eda PEDECIBA en Ecolog\u00eda; Maestr\u00eda en Ciencias Ambientales (MACA); Lic. Ciencias Biol\u00f3gicas, Opci\u00f3n Ecolog\u00eda &#8211; Facultad de Ciencias, Montevideo.<\/li>\n<\/ul>\n<h4><span style=\"color: #008000;\"><strong>Educaci\u00f3n Permanente\u00a0\u00a0<\/strong><\/span><\/h4>\n<div id='gallery-3' class='gallery galleryid-11 gallery-columns-4 gallery-size-large'><figure class='gallery-item'>\n\t\t\t<div class='gallery-icon landscape'>\n\t\t\t\t<img loading=\"lazy\" decoding=\"async\" width=\"725\" height=\"483\" src=\"https:\/\/ecologiafluvial.cup.edu.uy\/wp-content\/uploads\/2018\/01\/06-2.jpg\" class=\"attachment-large size-large\" alt=\"\" srcset=\"https:\/\/ecologiafluvial.cup.edu.uy\/wp-content\/uploads\/2018\/01\/06-2.jpg 725w, https:\/\/ecologiafluvial.cup.edu.uy\/wp-content\/uploads\/2018\/01\/06-2-300x200.jpg 300w, https:\/\/ecologiafluvial.cup.edu.uy\/wp-content\/uploads\/2018\/01\/06-2-405x270.jpg 405w, https:\/\/ecologiafluvial.cup.edu.uy\/wp-content\/uploads\/2018\/01\/06-2-525x350.jpg 525w\" sizes=\"auto, (max-width: 725px) 100vw, 725px\" \/>\n\t\t\t<\/div><\/figure><figure class='gallery-item'>\n\t\t\t<div class='gallery-icon landscape'>\n\t\t\t\t<img loading=\"lazy\" decoding=\"async\" width=\"724\" height=\"482\" src=\"https:\/\/ecologiafluvial.cup.edu.uy\/wp-content\/uploads\/2018\/01\/Picture16.jpg\" class=\"attachment-large size-large\" alt=\"\" srcset=\"https:\/\/ecologiafluvial.cup.edu.uy\/wp-content\/uploads\/2018\/01\/Picture16.jpg 724w, https:\/\/ecologiafluvial.cup.edu.uy\/wp-content\/uploads\/2018\/01\/Picture16-300x200.jpg 300w, https:\/\/ecologiafluvial.cup.edu.uy\/wp-content\/uploads\/2018\/01\/Picture16-405x270.jpg 405w, https:\/\/ecologiafluvial.cup.edu.uy\/wp-content\/uploads\/2018\/01\/Picture16-526x350.jpg 526w\" sizes=\"auto, (max-width: 724px) 100vw, 724px\" \/>\n\t\t\t<\/div><\/figure><figure class='gallery-item'>\n\t\t\t<div class='gallery-icon landscape'>\n\t\t\t\t<img loading=\"lazy\" decoding=\"async\" width=\"731\" height=\"487\" src=\"https:\/\/ecologiafluvial.cup.edu.uy\/wp-content\/uploads\/2018\/01\/Picture17.jpg\" class=\"attachment-large size-large\" alt=\"\" srcset=\"https:\/\/ecologiafluvial.cup.edu.uy\/wp-content\/uploads\/2018\/01\/Picture17.jpg 731w, https:\/\/ecologiafluvial.cup.edu.uy\/wp-content\/uploads\/2018\/01\/Picture17-300x200.jpg 300w, https:\/\/ecologiafluvial.cup.edu.uy\/wp-content\/uploads\/2018\/01\/Picture17-405x270.jpg 405w, https:\/\/ecologiafluvial.cup.edu.uy\/wp-content\/uploads\/2018\/01\/Picture17-525x350.jpg 525w\" sizes=\"auto, (max-width: 731px) 100vw, 731px\" \/>\n\t\t\t<\/div><\/figure><figure class='gallery-item'>\n\t\t\t<div class='gallery-icon landscape'>\n\t\t\t\t<img loading=\"lazy\" decoding=\"async\" width=\"731\" height=\"488\" src=\"https:\/\/ecologiafluvial.cup.edu.uy\/wp-content\/uploads\/2018\/01\/Picture18.jpg\" class=\"attachment-large size-large\" alt=\"\" srcset=\"https:\/\/ecologiafluvial.cup.edu.uy\/wp-content\/uploads\/2018\/01\/Picture18.jpg 731w, https:\/\/ecologiafluvial.cup.edu.uy\/wp-content\/uploads\/2018\/01\/Picture18-300x200.jpg 300w, https:\/\/ecologiafluvial.cup.edu.uy\/wp-content\/uploads\/2018\/01\/Picture18-405x270.jpg 405w, https:\/\/ecologiafluvial.cup.edu.uy\/wp-content\/uploads\/2018\/01\/Picture18-524x350.jpg 524w\" sizes=\"auto, (max-width: 731px) 100vw, 731px\" \/>\n\t\t\t<\/div><\/figure>\n\t\t<\/div>\n\n<ul>\n<li style=\"text-align: justify;\"><span style=\"text-decoration: underline;\">Gesti\u00f3n de Bosques.<\/span> (B\u00f3ffano)<em><br \/>\n<\/em>28-29 de julio 2017. DGF \u2013 MGAP &amp; CENUR Litoral Norte &#8211; Paysand\u00fa<\/li>\n<li style=\"text-align: justify;\"><span style=\"text-decoration: underline;\">Lectura de anillos como herramienta para la gesti\u00f3n de bosques<\/span>.<br \/>\n3-4 de agosto de 2017. CENUR Litoral Norte \u2013 Paysand\u00fa<\/li>\n<li style=\"text-align: justify;\"><span style=\"text-decoration: underline;\">Introducci\u00f3n a los Sistema de Informaci\u00f3n Geogr\u00e1fica.<\/span> (B\u00f3ffano, Lucas)<br \/>\nOct &#8211; nov 2016.<\/li>\n<\/ul>\n<ul>\n<li style=\"text-align: justify;\"><span style=\"text-decoration: underline;\">El conocimiento cient\u00edfico y pesquero tradicional (artesanal y deportivo) como base para una gesti\u00f3n y mejora en la producci\u00f3n pesquera<\/span>. (Crossa, Krall)<br \/>\n2016-2017.<\/li>\n<li style=\"text-align: justify;\"><span style=\"text-decoration: underline;\">Estudio de peces como indicadores ambientales a trav\u00e9s del uso de telemetr\u00eda.<\/span> (Crossa, Hahn)<br \/>\n21-24 de noviembre 2016<\/li>\n<li style=\"text-align: justify;\"><span style=\"text-decoration: underline;\">El estudio de la diversidad a partir de la salida de campo.<\/span>\u00a0(Hladki y Dalm\u00e1s)<br \/>\nIFD. Paysand\u00fa. 4 y 5 de febrero 2016 (Curso para estudiantes de profesorado en biolog\u00eda biolog\u00eda).\u00a0CENUR Litoral Norte &#8211; Paysand\u00fa<\/li>\n<li style=\"text-align: justify;\"><span style=\"text-decoration: underline;\">Los arroyos como ecosistemas y su interacci\u00f3n con la cuenca de drenaje.<\/span> (Hladki y Dalm\u00e1s).<br \/>\nIFD. Paysand\u00fa. 11 y 12 de febrero 2016 (Curso para Maestras Rurales).\u00a0CENUR Litoral Norte &#8211; Paysand\u00fa<\/li>\n<li><span style=\"text-decoration: underline;\">Telemetr\u00eda de peces<\/span><\/li>\n<\/ul>\n<div id='gallery-4' class='gallery galleryid-11 gallery-columns-5 gallery-size-large'><figure class='gallery-item'>\n\t\t\t<div class='gallery-icon landscape'>\n\t\t\t\t<img loading=\"lazy\" decoding=\"async\" width=\"567\" height=\"425\" src=\"https:\/\/ecologiafluvial.cup.edu.uy\/wp-content\/uploads\/2018\/01\/Picture19-1.jpg\" class=\"attachment-large size-large\" alt=\"\" srcset=\"https:\/\/ecologiafluvial.cup.edu.uy\/wp-content\/uploads\/2018\/01\/Picture19-1.jpg 567w, https:\/\/ecologiafluvial.cup.edu.uy\/wp-content\/uploads\/2018\/01\/Picture19-1-300x225.jpg 300w, https:\/\/ecologiafluvial.cup.edu.uy\/wp-content\/uploads\/2018\/01\/Picture19-1-405x304.jpg 405w, https:\/\/ecologiafluvial.cup.edu.uy\/wp-content\/uploads\/2018\/01\/Picture19-1-467x350.jpg 467w\" sizes=\"auto, (max-width: 567px) 100vw, 567px\" \/>\n\t\t\t<\/div><\/figure><figure class='gallery-item'>\n\t\t\t<div class='gallery-icon landscape'>\n\t\t\t\t<img loading=\"lazy\" decoding=\"async\" width=\"567\" height=\"425\" src=\"https:\/\/ecologiafluvial.cup.edu.uy\/wp-content\/uploads\/2018\/01\/Picture20-1.jpg\" class=\"attachment-large size-large\" alt=\"\" srcset=\"https:\/\/ecologiafluvial.cup.edu.uy\/wp-content\/uploads\/2018\/01\/Picture20-1.jpg 567w, https:\/\/ecologiafluvial.cup.edu.uy\/wp-content\/uploads\/2018\/01\/Picture20-1-300x225.jpg 300w, https:\/\/ecologiafluvial.cup.edu.uy\/wp-content\/uploads\/2018\/01\/Picture20-1-405x304.jpg 405w, https:\/\/ecologiafluvial.cup.edu.uy\/wp-content\/uploads\/2018\/01\/Picture20-1-467x350.jpg 467w\" sizes=\"auto, (max-width: 567px) 100vw, 567px\" \/>\n\t\t\t<\/div><\/figure><figure class='gallery-item'>\n\t\t\t<div class='gallery-icon landscape'>\n\t\t\t\t<img loading=\"lazy\" decoding=\"async\" width=\"567\" height=\"425\" src=\"https:\/\/ecologiafluvial.cup.edu.uy\/wp-content\/uploads\/2018\/01\/Picture21-1.jpg\" class=\"attachment-large size-large\" alt=\"\" srcset=\"https:\/\/ecologiafluvial.cup.edu.uy\/wp-content\/uploads\/2018\/01\/Picture21-1.jpg 567w, https:\/\/ecologiafluvial.cup.edu.uy\/wp-content\/uploads\/2018\/01\/Picture21-1-300x225.jpg 300w, https:\/\/ecologiafluvial.cup.edu.uy\/wp-content\/uploads\/2018\/01\/Picture21-1-405x304.jpg 405w, https:\/\/ecologiafluvial.cup.edu.uy\/wp-content\/uploads\/2018\/01\/Picture21-1-467x350.jpg 467w\" sizes=\"auto, (max-width: 567px) 100vw, 567px\" \/>\n\t\t\t<\/div><\/figure><figure class='gallery-item'>\n\t\t\t<div class='gallery-icon landscape'>\n\t\t\t\t<img loading=\"lazy\" decoding=\"async\" width=\"567\" height=\"425\" src=\"https:\/\/ecologiafluvial.cup.edu.uy\/wp-content\/uploads\/2018\/01\/Picture22-1.jpg\" class=\"attachment-large size-large\" alt=\"\" srcset=\"https:\/\/ecologiafluvial.cup.edu.uy\/wp-content\/uploads\/2018\/01\/Picture22-1.jpg 567w, https:\/\/ecologiafluvial.cup.edu.uy\/wp-content\/uploads\/2018\/01\/Picture22-1-300x225.jpg 300w, https:\/\/ecologiafluvial.cup.edu.uy\/wp-content\/uploads\/2018\/01\/Picture22-1-405x304.jpg 405w, https:\/\/ecologiafluvial.cup.edu.uy\/wp-content\/uploads\/2018\/01\/Picture22-1-467x350.jpg 467w\" sizes=\"auto, (max-width: 567px) 100vw, 567px\" \/>\n\t\t\t<\/div><\/figure><figure class='gallery-item'>\n\t\t\t<div class='gallery-icon landscape'>\n\t\t\t\t<img loading=\"lazy\" decoding=\"async\" width=\"567\" height=\"425\" src=\"https:\/\/ecologiafluvial.cup.edu.uy\/wp-content\/uploads\/2018\/01\/Picture23.jpg\" class=\"attachment-large size-large\" alt=\"\" srcset=\"https:\/\/ecologiafluvial.cup.edu.uy\/wp-content\/uploads\/2018\/01\/Picture23.jpg 567w, https:\/\/ecologiafluvial.cup.edu.uy\/wp-content\/uploads\/2018\/01\/Picture23-300x225.jpg 300w, https:\/\/ecologiafluvial.cup.edu.uy\/wp-content\/uploads\/2018\/01\/Picture23-405x304.jpg 405w, https:\/\/ecologiafluvial.cup.edu.uy\/wp-content\/uploads\/2018\/01\/Picture23-467x350.jpg 467w\" sizes=\"auto, (max-width: 567px) 100vw, 567px\" \/>\n\t\t\t<\/div><\/figure>\n\t\t<\/div>\n\n","protected":false},"excerpt":{"rendered":"<p>Cursos de Grado\u00a0 Medio Ambiente y Calidad de Agua (Coordinaci\u00f3n: Lucas) Licenciatura en Ciencias H\u00eddricas (Departamento del Agua, Centro Universitario Regional Litoral Norte, Salto).\u00a0 Curso semestral de grado, Te\u00f3rico-Pr\u00e1ctico. 75 horas de clase divididas en 71 h te\u00f3ricas y talleres en clase y 14 horas de pr\u00e1ctica en Salidas de &hellip;<\/p>\n","protected":false},"author":2,"featured_media":0,"parent":0,"menu_order":0,"comment_status":"closed","ping_status":"closed","template":"","meta":{"footnotes":""},"class_list":["post-11","page","type-page","status-publish","hentry"],"_links":{"self":[{"href":"https:\/\/ecologiafluvial.cup.edu.uy\/index.php\/wp-json\/wp\/v2\/pages\/11","targetHints":{"allow":["GET"]}}],"collection":[{"href":"https:\/\/ecologiafluvial.cup.edu.uy\/index.php\/wp-json\/wp\/v2\/pages"}],"about":[{"href":"https:\/\/ecologiafluvial.cup.edu.uy\/index.php\/wp-json\/wp\/v2\/types\/page"}],"author":[{"embeddable":true,"href":"https:\/\/ecologiafluvial.cup.edu.uy\/index.php\/wp-json\/wp\/v2\/users\/2"}],"replies":[{"embeddable":true,"href":"https:\/\/ecologiafluvial.cup.edu.uy\/index.php\/wp-json\/wp\/v2\/comments?post=11"}],"version-history":[{"count":23,"href":"https:\/\/ecologiafluvial.cup.edu.uy\/index.php\/wp-json\/wp\/v2\/pages\/11\/revisions"}],"predecessor-version":[{"id":72,"href":"https:\/\/ecologiafluvial.cup.edu.uy\/index.php\/wp-json\/wp\/v2\/pages\/11\/revisions\/72"}],"wp:attachment":[{"href":"https:\/\/ecologiafluvial.cup.edu.uy\/index.php\/wp-json\/wp\/v2\/media?parent=11"}],"curies":[{"name":"wp","href":"https:\/\/api.w.org\/{rel}","templated":true}]}}