{"id":2,"date":"2017-09-07T17:30:17","date_gmt":"2017-09-07T17:30:17","guid":{"rendered":"http:\/\/server.paap.cup.edu.uy\/wordpress_pf\/?page_id=2"},"modified":"2019-07-17T17:09:44","modified_gmt":"2019-07-17T17:09:44","slug":"inicio","status":"publish","type":"page","link":"https:\/\/ecologiafluvial.cup.edu.uy\/","title":{"rendered":"Inicio"},"content":{"rendered":"<p style=\"text-align: justify;\"><em><span style=\"font-size: 18pt;\"><strong>El Polo de Ecolog\u00eda Fluvial<\/strong> <\/span><span style=\"font-size: 14pt;\"><em>es<\/em> un Polo de Desarrollo Universitario del CENUR Litoral Norte que se dedica al desarrollo de investigaci\u00f3n, formaci\u00f3n de recursos humanos y la implementaci\u00f3n de programas de extensi\u00f3n vinculados con la calidad de los ecosistemas fluviales y la valoraci\u00f3n de impactos de r\u00edos y arroyos asociados con los usos del suelo en la cuenca de drenaje.<\/span><\/em><\/p>\n<p style=\"text-align: justify;\"><em><span style=\"font-size: 14pt;\">La propuesta del Polo de Ecolog\u00eda Fluvial surge de la necesidad de poner un \u00e9nfasis acad\u00e9mico en el estudio de los ecosistemas fluviales en el pa\u00eds y entender los efectos de los grandes cambios ambientales en la calidad de agua y la integridad ecol\u00f3gica de dichos ecosistemas, especialmente en la regi\u00f3n Litoral.<\/span><\/em><\/p>\n<p style=\"text-align: justify;\"><em><span style=\"font-size: 14pt;\">En el marco de la integraci\u00f3n de las sedes Paysand\u00fa y Salto en el CENUR del Litoral Norte, el Polo de Ecolog\u00eda Fluvial forma parte del <strong><a href=\"http:\/\/agua.unorte.edu.uy\/polo-de-ecologia-fluvial\/\" target=\"_blank\" rel=\"noopener\">Departamento del Agua en el CENUR Litoral Norte &#8211; Sede Salto<\/a><\/strong>, complementando las l\u00edneas de investigaci\u00f3n y docencia en la licenciatura en Recursos H\u00eddricos, en lo que se refiere a aspectos biol\u00f3gicos y ecol\u00f3gicos de la calidad del agua.<\/span><\/em><\/p>\n<p style=\"text-align: justify;\"><em><span style=\"font-size: 14pt;\"><strong>\u00a0<\/strong><\/span><\/em><\/p>\n<p style=\"text-align: justify;\"><span style=\"font-size: 18pt;\"><strong>Objetivos generales<\/strong><\/span><\/p>\n<ol style=\"list-style-type: upper-roman;\">\n<li>Evaluar los patrones espacio-temporales de la estructura y funci\u00f3n de los ecosistemas fluviales y bosques ribere\u00f1os de la regi\u00f3n Litoral Oeste y la respuesta de poblaciones y comunidades ecol\u00f3gicas a los grandes impactos ambientales de origen antr\u00f3pico y natural.<\/li>\n<li>Formar recursos humanos en el \u00e1rea de ecolog\u00eda y ciencias ambientales, inclusive la ecolog\u00eda de cuencas, ecolog\u00eda de bosques, calidad de los ecosistemas fluviales, y manejo sostenible de recursos acu\u00e1ticos.<\/li>\n<li>Generar conocimiento sobre los recursos naturales en ecosistemas fluviales en conjunto con distintos grupos de usuarios en las cuencas del litoral, a fines de informar pol\u00edticas y pr\u00e1cticas locales de manejo sostenible de recursos acu\u00e1ticos, zonas ribere\u00f1as de amortiguaci\u00f3n y monte nativo.<\/li>\n<\/ol>\n","protected":false},"excerpt":{"rendered":"<p>El Polo de Ecolog\u00eda Fluvial es un Polo de Desarrollo Universitario del CENUR Litoral Norte que se dedica al desarrollo de investigaci\u00f3n, formaci\u00f3n de recursos humanos y la implementaci\u00f3n de programas de extensi\u00f3n vinculados con la calidad de los ecosistemas fluviales y la valoraci\u00f3n de impactos de r\u00edos y arroyos &hellip;<\/p>\n","protected":false},"author":2,"featured_media":0,"parent":0,"menu_order":0,"comment_status":"closed","ping_status":"closed","template":"","meta":{"footnotes":""},"class_list":["post-2","page","type-page","status-publish","hentry"],"_links":{"self":[{"href":"https:\/\/ecologiafluvial.cup.edu.uy\/index.php\/wp-json\/wp\/v2\/pages\/2","targetHints":{"allow":["GET"]}}],"collection":[{"href":"https:\/\/ecologiafluvial.cup.edu.uy\/index.php\/wp-json\/wp\/v2\/pages"}],"about":[{"href":"https:\/\/ecologiafluvial.cup.edu.uy\/index.php\/wp-json\/wp\/v2\/types\/page"}],"author":[{"embeddable":true,"href":"https:\/\/ecologiafluvial.cup.edu.uy\/index.php\/wp-json\/wp\/v2\/users\/2"}],"replies":[{"embeddable":true,"href":"https:\/\/ecologiafluvial.cup.edu.uy\/index.php\/wp-json\/wp\/v2\/comments?post=2"}],"version-history":[{"count":7,"href":"https:\/\/ecologiafluvial.cup.edu.uy\/index.php\/wp-json\/wp\/v2\/pages\/2\/revisions"}],"predecessor-version":[{"id":427,"href":"https:\/\/ecologiafluvial.cup.edu.uy\/index.php\/wp-json\/wp\/v2\/pages\/2\/revisions\/427"}],"wp:attachment":[{"href":"https:\/\/ecologiafluvial.cup.edu.uy\/index.php\/wp-json\/wp\/v2\/media?parent=2"}],"curies":[{"name":"wp","href":"https:\/\/api.w.org\/{rel}","templated":true}]}}