{"id":7,"date":"2018-01-03T15:30:49","date_gmt":"2018-01-03T15:30:49","guid":{"rendered":"http:\/\/server.paap.cup.edu.uy\/wordpress_pf\/?page_id=7"},"modified":"2019-07-19T19:30:37","modified_gmt":"2019-07-19T19:30:37","slug":"integrantes","status":"publish","type":"page","link":"https:\/\/ecologiafluvial.cup.edu.uy\/index.php\/integrantes\/","title":{"rendered":"Integrantes"},"content":{"rendered":"<div class=\"su-row\"> <div class=\"su-column su-column-size-1-2\"><div class=\"su-column-inner su-u-clearfix su-u-trim\">\n<img loading=\"lazy\" decoding=\"async\" class=\"alignnone wp-image-136\" src=\"http:\/\/server.paap.cup.edu.uy\/wordpress_pf\/wp-content\/uploads\/2018\/01\/Christine_Lucas5-150x150.jpg\" alt=\"\" width=\"200\" height=\"200\" srcset=\"https:\/\/ecologiafluvial.cup.edu.uy\/wp-content\/uploads\/2018\/01\/Christine_Lucas5-150x150.jpg 150w, https:\/\/ecologiafluvial.cup.edu.uy\/wp-content\/uploads\/2018\/01\/Christine_Lucas5.jpg 161w\" sizes=\"auto, (max-width: 200px) 100vw, 200px\" \/><br \/>\n<strong>Dr. Christine Lucas<\/strong> (Responsable)<br \/>\n<a href=\"&#x6d;&#97;&#105;&#x6c;&#x74;&#111;&#58;&#x63;&#x6c;&#117;&#99;&#x61;&#x73;&#64;&#99;&#x75;&#x70;&#46;&#101;&#x64;&#x75;&#46;&#117;&#x79;\">&#99;l&#117;c&#97;s&#x40;c&#x75;p&#x2e;e&#x64;u&#x2e;u&#x79;<\/a><br \/>\n\u00c1rea de trabajo:\u00a0Ecolog\u00eda de bosques ribere\u00f1as y zonas de amortiguaci\u00f3n<br \/>\n<\/div><\/div>\n<div class=\"su-column su-column-size-1-2\"><div class=\"su-column-inner su-u-clearfix su-u-trim\"><img loading=\"lazy\" decoding=\"async\" class=\"alignnone wp-image-407 size-medium\" src=\"https:\/\/ecologiafluvial.cup.edu.uy\/wp-content\/uploads\/2019\/03\/IMG_5059-e1553189899419-150x150.jpeg\" alt=\"\" width=\"200\" height=\"200\" srcset=\"https:\/\/ecologiafluvial.cup.edu.uy\/wp-content\/uploads\/2019\/03\/IMG_5059-e1553189899419-150x150.jpeg 150w, https:\/\/ecologiafluvial.cup.edu.uy\/wp-content\/uploads\/2019\/03\/IMG_5059-e1553189899419-300x300.jpeg 300w, https:\/\/ecologiafluvial.cup.edu.uy\/wp-content\/uploads\/2019\/03\/IMG_5059-e1553189899419-350x350.jpeg 350w, https:\/\/ecologiafluvial.cup.edu.uy\/wp-content\/uploads\/2019\/03\/IMG_5059-e1553189899419.jpeg 380w\" sizes=\"auto, (max-width: 200px) 100vw, 200px\" \/><\/p>\n<p><strong>Dr. Ivan Gonz\u00e1lez-Bergonzoni<\/strong><br \/>\n<a href=\"&#x6d;a&#x69;&#108;&#x74;&#111;:&#x69;v&#x67;&#64;&#x66;&#99;i&#x65;&#110;&#x2e;&#101;d&#x75;&#46;&#x75;&#121;\">&#x69;&#118;&#x67;&#x40;&#102;&#x63;&#105;e&#x6e;&#46;e&#x64;&#117;&#46;&#x75;&#121;<\/a><br \/>\n\u00c1rea de trabajo: Se estudian los factores determinantes de la estructura comunitaria en sistemas dulceacu\u00edcolas y el rol de las comunidades sobre procesos y funciones ecosist\u00e9micas.<br \/>\n<\/div><\/div>\n<\/div><div class=\"su-row\"><div class=\"su-column su-column-size-1-2\"><div class=\"su-column-inner su-u-clearfix su-u-trim\"><img loading=\"lazy\" decoding=\"async\" class=\"alignnone wp-image-433 size-medium\" src=\"https:\/\/ecologiafluvial.cup.edu.uy\/wp-content\/uploads\/2019\/07\/700488e7-ad8d-48c5-a566-c7991d1a6619-e1563557642803-300x300.jpg\" alt=\"\" width=\"200\" height=\"200\" \/><br \/>\n<strong>Vanessa Fender<\/strong><br \/>\nAyudante (Oct 2018 &#8211; presente)<br \/>\nT\u00e9cnico Forestal &#8211; UTU Guich\u00f3n<\/div><\/div>\n<div class=\"su-column su-column-size-1-2\"><div class=\"su-column-inner su-u-clearfix su-u-trim\"><img loading=\"lazy\" decoding=\"async\" class=\"alignnone wp-image-456 size-medium\" src=\"https:\/\/ecologiafluvial.cup.edu.uy\/wp-content\/uploads\/2019\/07\/ING0034-300x300.jpg\" alt=\"\" width=\"200\" height=\"200\" srcset=\"https:\/\/ecologiafluvial.cup.edu.uy\/wp-content\/uploads\/2019\/07\/ING0034-300x300.jpg 300w, https:\/\/ecologiafluvial.cup.edu.uy\/wp-content\/uploads\/2019\/07\/ING0034-150x150.jpg 150w, https:\/\/ecologiafluvial.cup.edu.uy\/wp-content\/uploads\/2019\/07\/ING0034-768x768.jpg 768w, https:\/\/ecologiafluvial.cup.edu.uy\/wp-content\/uploads\/2019\/07\/ING0034-1024x1024.jpg 1024w, https:\/\/ecologiafluvial.cup.edu.uy\/wp-content\/uploads\/2019\/07\/ING0034-350x350.jpg 350w\" sizes=\"auto, (max-width: 200px) 100vw, 200px\" \/><br \/>\n<strong>Ana Luc\u00eda Mary<\/strong><br \/>\nAyudante (Junio 2019 &#8211; presente)<br \/>\nLic. en Ciencias Biol\u00f3gicas orientaci\u00f3n Ecolog\u00eda.<br \/>\nFacultad de Ciencias, UdelaR. <\/div><\/div><\/div>\n<h3><\/h3>\n<h3 style=\"text-align: left;\">Estudiantes<\/h3>\n<div class=\"su-row\"><div class=\"su-column su-column-size-1-2\"><div class=\"su-column-inner su-u-clearfix su-u-trim\">\n<img loading=\"lazy\" decoding=\"async\" class=\"alignnone wp-image-36 size-thumbnail\" src=\"https:\/\/ecologiafluvial.cup.edu.uy\/wp-content\/uploads\/2019\/03\/estudiante-anah\u00ed-e1552938537855.jpg\" alt=\"\" width=\"200\" height=\"199\" \/><\/p>\n<p><strong>MSc. Anah\u00ed L\u00f3pez Rodr\u00edguez<\/strong><br \/>\nEstudiante de Doctorado PEDECIBA biolog\u00eda.<br \/>\nDirectores de tesis Mariana Meerhoff (CURE) e Ivan Gonz\u00e1lez-Bergonzoni (CENUR LN).<br \/>\n\u00c1rea de trabajo:\u00a0 Ecolog\u00eda Tr\u00f3fica de Ecosistemas Fluviales<br \/>\nTesis: An\u00e1lisis del efecto de las represas sobre las comunidades de peces y las tramas tr\u00f3ficas<br \/>\ne-mail: <a href=\"mailto&#58;&#97;&#110;&#97;&#104;&#105;&#46;&#x6c;&#x6f;&#x70;&#x72;&#x6f;&#x64;&#x40;&#x67;&#x6d;&#x61;&#x69;&#x6c;&#46;com\">&#97;&#x6e;a&#104;&#x69;&#46;&#108;&#x6f;p&#114;&#x6f;d&#64;&#x67;m&#97;&#x69;l&#46;&#x63;o&#109;<\/a><br \/>\n<\/div><\/div><div class=\"su-column su-column-size-1-2\"><div class=\"su-column-inner su-u-clearfix su-u-trim\">\n<img loading=\"lazy\" decoding=\"async\" class=\"alignnone wp-image-371 \" src=\"https:\/\/ecologiafluvial.cup.edu.uy\/wp-content\/uploads\/2019\/03\/estud-e1552939294436-300x300.jpg\" alt=\"\" width=\"202\" height=\"202\" srcset=\"https:\/\/ecologiafluvial.cup.edu.uy\/wp-content\/uploads\/2019\/03\/estud-e1552939294436-300x300.jpg 300w, https:\/\/ecologiafluvial.cup.edu.uy\/wp-content\/uploads\/2019\/03\/estud-e1552939294436-150x150.jpg 150w, https:\/\/ecologiafluvial.cup.edu.uy\/wp-content\/uploads\/2019\/03\/estud-e1552939294436-768x768.jpg 768w, https:\/\/ecologiafluvial.cup.edu.uy\/wp-content\/uploads\/2019\/03\/estud-e1552939294436-350x350.jpg 350w, https:\/\/ecologiafluvial.cup.edu.uy\/wp-content\/uploads\/2019\/03\/estud-e1552939294436.jpg 840w\" sizes=\"auto, (max-width: 202px) 100vw, 202px\" \/><br \/>\n<strong>Lic. Patricia Sandes Weisbach<\/strong><br \/>\nEstudiante de Maestr\u00eda PEDECIBA biolog\u00eda.<br \/>\nDirector de tesis Ivan Gonz\u00e1lez-Bergonzoni (CENUR LN).<br \/>\n\u00c1rea de trabajo: Bio-monitoreo en ecosistemas fluviales<br \/>\nTesis: An\u00e1lisis del efecto de las actividades agro-forestales sobre las comunidades de peces.<br \/>\ne-mail: \u00a0<a>&#x70;a&#x73;&#97;w&#x65;&#64;&#x68;&#111;t&#x6d;&#97;&#x69;&#108;&#46;&#x63;&#111;&#x6d;<\/a><br \/>\n<\/div><\/div><\/div><div class=\"su-row\">\n<div class=\"su-column su-column-size-1-2\"><div class=\"su-column-inner su-u-clearfix su-u-trim\">\n<img loading=\"lazy\" decoding=\"async\" class=\"alignnone wp-image-380 size-medium\" src=\"https:\/\/ecologiafluvial.cup.edu.uy\/wp-content\/uploads\/2019\/03\/ivana-silva-e1553019265176-150x150.jpg\" alt=\"\" width=\"200\" height=\"200\" srcset=\"https:\/\/ecologiafluvial.cup.edu.uy\/wp-content\/uploads\/2019\/03\/ivana-silva-e1553019265176-150x150.jpg 150w, https:\/\/ecologiafluvial.cup.edu.uy\/wp-content\/uploads\/2019\/03\/ivana-silva-e1553019265176-300x300.jpg 300w, https:\/\/ecologiafluvial.cup.edu.uy\/wp-content\/uploads\/2019\/03\/ivana-silva-e1553019265176-350x350.jpg 350w, https:\/\/ecologiafluvial.cup.edu.uy\/wp-content\/uploads\/2019\/03\/ivana-silva-e1553019265176.jpg 505w\" sizes=\"auto, (max-width: 200px) 100vw, 200px\" \/><br \/>\n<strong>Lic. Ivana Silva Fripp<\/strong><br \/>\nEstudiante de Maestr\u00eda PEDECIBA biolog\u00eda.<br \/>\nDirector de tesis Ivan Gonz\u00e1lez-Bergonzoni (CENUR LN).<br \/>\n\u00c1rea de trabajo: Ecolog\u00eda de comunidades de macroinvertebrados de ecosistemas fluviales.<br \/>\nTesis: An\u00e1lisis del efecto del mejill\u00f3n dorado invasor sobre la\u00a0 comunidades y tramas tr\u00f3ficas nativas del R\u00edo Uruguay.<br \/>\nE-mail: <a href=\"m&#97;&#105;&#x6c;&#x74;&#x6f;:y&#118;&#97;&#x6e;&#x61;&#x73;i&#108;&#118;&#97;&#x39;&#x32;&#x40;g&#109;&#97;&#x69;&#x6c;&#x2e;co&#109;\">&#121;&#x76;&#x61;&#110;&#x61;&#x73;i&#x6c;&#x76;a&#57;&#x32;&#64;&#103;&#x6d;a&#105;&#x6c;&#46;&#99;&#x6f;m<\/a><br \/>\n<\/div><\/div><div class=\"su-column su-column-size-1-2\"><div class=\"su-column-inner su-u-clearfix su-u-trim\"><img loading=\"lazy\" decoding=\"async\" class=\"alignnone wp-image-387 size-medium\" src=\"https:\/\/ecologiafluvial.cup.edu.uy\/wp-content\/uploads\/2019\/03\/diego-diaz-e1553021192806-150x150.jpg\" alt=\"\" width=\"200\" height=\"200\" srcset=\"https:\/\/ecologiafluvial.cup.edu.uy\/wp-content\/uploads\/2019\/03\/diego-diaz-e1553021192806-150x150.jpg 150w, https:\/\/ecologiafluvial.cup.edu.uy\/wp-content\/uploads\/2019\/03\/diego-diaz-e1553021192806-300x300.jpg 300w, https:\/\/ecologiafluvial.cup.edu.uy\/wp-content\/uploads\/2019\/03\/diego-diaz-e1553021192806-350x350.jpg 350w, https:\/\/ecologiafluvial.cup.edu.uy\/wp-content\/uploads\/2019\/03\/diego-diaz-e1553021192806.jpg 576w\" sizes=\"auto, (max-width: 200px) 100vw, 200px\" \/><br \/>\n<strong>Bach. Diego Diaz<\/strong><br \/>\nEstudiante de Licenciatura en Ciencias Biol\u00f3gicas, orientaci\u00f3n :Ecolog\u00eda, Facultad de Ciencias, UdelaR.<br \/>\nSupervisor de Tesina: Marcelo Loureiro (Facultad de Ciencias) e Ivan Gonz\u00e1lez-Bergonzoni (CENUR LN).<br \/>\n\u00c1rea de trabajo: Ecolog\u00eda Tr\u00f3fica de Peces.<br \/>\nTesis: Caracterizaci\u00f3n de la dieta de la carpa invasora (<em>Cyprinus carpio<\/em>) y potencial competencia con peces nativos en el Rio Santa Lucia .<br \/>\nE- mail: <a href=\"mailto:diego&#97;&#100;&#49;&#49;&#48;&#55;&#64;&#103;&#109;&#97;&#105;&#108;&#46;&#99;&#111;&#x6d;\">&#x64;&#x69;&#x65;&#x67;&#x6f;&#x61;&#x64;&#x31;&#x31;&#x30;&#x37;&#x40;&#x67;&#x6d;&#x61;&#x69;&#x6c;&#x2e;&#x63;&#x6f;&#x6d;<\/a><\/p>\n<\/div><\/div><\/div><div class=\"su-row\"><div class=\"su-column su-column-size-1-2\"><div class=\"su-column-inner su-u-clearfix su-u-trim\"><img loading=\"lazy\" decoding=\"async\" class=\"alignnone size-medium wp-image-432\" src=\"https:\/\/ecologiafluvial.cup.edu.uy\/wp-content\/uploads\/2019\/07\/5bdc5b98-4fb3-43bf-9c84-5378926789c2-e1563557613411-300x300.jpg\" alt=\"\" width=\"200\" height=\"200\" srcset=\"https:\/\/ecologiafluvial.cup.edu.uy\/wp-content\/uploads\/2019\/07\/5bdc5b98-4fb3-43bf-9c84-5378926789c2-e1563557613411-300x300.jpg 300w, https:\/\/ecologiafluvial.cup.edu.uy\/wp-content\/uploads\/2019\/07\/5bdc5b98-4fb3-43bf-9c84-5378926789c2-e1563557613411-150x150.jpg 150w, https:\/\/ecologiafluvial.cup.edu.uy\/wp-content\/uploads\/2019\/07\/5bdc5b98-4fb3-43bf-9c84-5378926789c2-e1563557613411-768x768.jpg 768w, https:\/\/ecologiafluvial.cup.edu.uy\/wp-content\/uploads\/2019\/07\/5bdc5b98-4fb3-43bf-9c84-5378926789c2-e1563557613411-1024x1024.jpg 1024w, https:\/\/ecologiafluvial.cup.edu.uy\/wp-content\/uploads\/2019\/07\/5bdc5b98-4fb3-43bf-9c84-5378926789c2-e1563557613411-350x350.jpg 350w, https:\/\/ecologiafluvial.cup.edu.uy\/wp-content\/uploads\/2019\/07\/5bdc5b98-4fb3-43bf-9c84-5378926789c2-e1563557613411.jpg 1200w\" sizes=\"auto, (max-width: 200px) 100vw, 200px\" \/><\/p>\n<p><strong>Maximiliano Reyes<br \/>\n<\/strong>Pasante, Estudiante de Tecnicatura Forestal &#8211; UTU.<\/div><\/div><\/div>\n<h3>Estudiantes Egresados \/ Alumni<\/h3>\n<div class=\"su-row\"><div class=\"su-column su-column-size-1-2\"><div class=\"su-column-inner su-u-clearfix su-u-trim\">\n<p><img loading=\"lazy\" decoding=\"async\" class=\"alignnone wp-image-33 size-thumbnail\" src=\"http:\/\/server.paap.cup.edu.uy\/wordpress_pf\/wp-content\/uploads\/2018\/01\/cindy-150x150.png\" alt=\"\" width=\"200\" height=\"200\" srcset=\"https:\/\/ecologiafluvial.cup.edu.uy\/wp-content\/uploads\/2018\/01\/cindy-150x150.png 150w, https:\/\/ecologiafluvial.cup.edu.uy\/wp-content\/uploads\/2018\/01\/cindy-100x100.png 100w\" sizes=\"auto, (max-width: 200px) 100vw, 200px\" \/><br \/>\n<strong>Cindy Torres &amp; Patricia Villalba<\/strong><br \/>\nPasantes (2016-2017)<br \/>\nT\u00e9cnico Forestal &#8211; UTU Guich\u00f3n<br \/>\n<\/div><\/div>\n<div class=\"su-column su-column-size-1-2\"><div class=\"su-column-inner su-u-clearfix su-u-trim\">\n<p><img loading=\"lazy\" decoding=\"async\" class=\"alignnone wp-image-301 size-thumbnail\" src=\"https:\/\/server.paap.cup.edu.uy\/wordpress_pf\/wp-content\/uploads\/2018\/01\/alex-150x150.jpg\" alt=\"\" width=\"200\" height=\"200\" srcset=\"https:\/\/ecologiafluvial.cup.edu.uy\/wp-content\/uploads\/2018\/01\/alex-150x150.jpg 150w, https:\/\/ecologiafluvial.cup.edu.uy\/wp-content\/uploads\/2018\/01\/alex-300x300.jpg 300w, https:\/\/ecologiafluvial.cup.edu.uy\/wp-content\/uploads\/2018\/01\/alex-349x350.jpg 349w, https:\/\/ecologiafluvial.cup.edu.uy\/wp-content\/uploads\/2018\/01\/alex.jpg 470w\" sizes=\"auto, (max-width: 200px) 100vw, 200px\" \/><br \/>\n<strong>Alex Ferreira<\/strong><br \/>\nLic. Ciencias Biol\u00f3gicas \u2013 Orientaci\u00f3n Ecolog\u00eda<br \/>\nFacultad de Ciencias, UdelaR<br \/>\n<span style=\"text-indent: 0em;\"><\/div><\/div><\/div><\/span><div class=\"su-row\"><div class=\"su-column su-column-size-1-2\"><div class=\"su-column-inner su-u-clearfix su-u-trim\">\n<img loading=\"lazy\" decoding=\"async\" class=\"alignnone wp-image-32 size-thumbnail\" src=\"http:\/\/server.paap.cup.edu.uy\/wordpress_pf\/wp-content\/uploads\/2018\/01\/cesar-150x150.jpg\" alt=\"\" width=\"200\" height=\"200\" srcset=\"https:\/\/ecologiafluvial.cup.edu.uy\/wp-content\/uploads\/2018\/01\/cesar-150x150.jpg 150w, https:\/\/ecologiafluvial.cup.edu.uy\/wp-content\/uploads\/2018\/01\/cesar-100x100.jpg 100w\" sizes=\"auto, (max-width: 200px) 100vw, 200px\" \/><br \/>\n<strong>C\u00e9sar Justo<\/strong><br \/>\nEstudiante de Maestr\u00eda<br \/>\nPEDECIBA \u2013 Biologia<br \/>\n<\/div><\/div>\n<div class=\"su-column su-column-size-1-2\"><div class=\"su-column-inner su-u-clearfix su-u-trim\">\n<img loading=\"lazy\" decoding=\"async\" class=\"alignnone wp-image-31 size-thumbnail\" src=\"http:\/\/server.paap.cup.edu.uy\/wordpress_pf\/wp-content\/uploads\/2018\/01\/cecilia-150x150.jpg\" alt=\"\" width=\"200\" height=\"200\" srcset=\"https:\/\/ecologiafluvial.cup.edu.uy\/wp-content\/uploads\/2018\/01\/cecilia-150x150.jpg 150w, https:\/\/ecologiafluvial.cup.edu.uy\/wp-content\/uploads\/2018\/01\/cecilia-100x100.jpg 100w\" sizes=\"auto, (max-width: 200px) 100vw, 200px\" \/><br \/>\n<strong>Cecilia G\u00f3mez<\/strong><br \/>\nPasante<br \/>\nT\u00e9cnico Forestal &#8211; UTU Guich\u00f3n<br \/>\n<\/div><\/div>\n<\/div>\n<div class=\"su-row\"><div class=\"su-column su-column-size-1-2\"><div class=\"su-column-inner su-u-clearfix su-u-trim\">\n<img loading=\"lazy\" decoding=\"async\" class=\"alignnone wp-image-36 size-thumbnail\" src=\"http:\/\/server.paap.cup.edu.uy\/wordpress_pf\/wp-content\/uploads\/2018\/01\/jorge-150x150.jpg\" alt=\"\" width=\"200\" height=\"200\" srcset=\"https:\/\/ecologiafluvial.cup.edu.uy\/wp-content\/uploads\/2018\/01\/jorge-150x150.jpg 150w, https:\/\/ecologiafluvial.cup.edu.uy\/wp-content\/uploads\/2018\/01\/jorge-300x300.jpg 300w, https:\/\/ecologiafluvial.cup.edu.uy\/wp-content\/uploads\/2018\/01\/jorge-100x100.jpg 100w, https:\/\/ecologiafluvial.cup.edu.uy\/wp-content\/uploads\/2018\/01\/jorge.jpg 398w\" sizes=\"auto, (max-width: 200px) 100vw, 200px\" \/><br \/>\n<strong>Jorge Brum<\/strong><br \/>\nPasante<br \/>\nT\u00e9cnico Forestal &#8211; UTU Guich\u00f3n<\/div><\/div>\n<div class=\"su-column su-column-size-1-2\"><div class=\"su-column-inner su-u-clearfix su-u-trim\"><img loading=\"lazy\" decoding=\"async\" class=\"alignnone wp-image-383 size-medium\" src=\"https:\/\/ecologiafluvial.cup.edu.uy\/wp-content\/uploads\/2019\/03\/juliana-felden-e1553019704258-150x150.jpg\" alt=\"\" width=\"200\" height=\"200\" srcset=\"https:\/\/ecologiafluvial.cup.edu.uy\/wp-content\/uploads\/2019\/03\/juliana-felden-e1553019704258-150x150.jpg 150w, https:\/\/ecologiafluvial.cup.edu.uy\/wp-content\/uploads\/2019\/03\/juliana-felden-e1553019704258-300x300.jpg 300w, https:\/\/ecologiafluvial.cup.edu.uy\/wp-content\/uploads\/2019\/03\/juliana-felden-e1553019704258-768x768.jpg 768w, https:\/\/ecologiafluvial.cup.edu.uy\/wp-content\/uploads\/2019\/03\/juliana-felden-e1553019704258-1024x1024.jpg 1024w, https:\/\/ecologiafluvial.cup.edu.uy\/wp-content\/uploads\/2019\/03\/juliana-felden-e1553019704258-350x350.jpg 350w, https:\/\/ecologiafluvial.cup.edu.uy\/wp-content\/uploads\/2019\/03\/juliana-felden-e1553019704258.jpg 1932w\" sizes=\"auto, (max-width: 200px) 100vw, 200px\" \/><br \/>\n<strong>Lic. Juliana Felden<\/strong><br \/>\nMagister en Programa de P\u00f3s Gradua\u00e7\u00e3o em Ambiente e Tecnologias Sustent\u00e1veis (PPGATS), da Universidade Federal da Fronteira Sul (UFFS), Brasil.<br \/>\nDirectores de tesis David Reynalte-Tataje e Ivan Gonz\u00e1lez-Bergonzoni (CENUR LN).<br \/>\n\u00c1rea de trabajo: Ecolog\u00eda Tr\u00f3fica de Ecosistemas Fluviales.<br \/>\nTesis: An\u00e1lisis del efecto de la vegetaci\u00f3n ribere\u00f1a sobre los subsidios energ\u00e9ticos a la biomasa de peces en un embalse\u00a0 recientemente formado de la cuenca del Rio Uruguay.<br \/>\nE-mail: <a href=\"&#109;a&#x69;l&#x74;&#111;&#x3a;&#106;&#x75;&#108;i&#x61;n&#x61;&#102;&#x65;&#108;&#x64;&#101;&#x6e;&#64;y&#x61;h&#x6f;&#111;&#x2e;&#99;&#x6f;&#109;&#46;&#x62;r\">&#x6a;&#x75;&#108;i&#x61;&#x6e;&#97;fe&#x6c;&#x64;&#101;n&#x40;&#x79;&#97;&#104;o&#x6f;&#x2e;&#99;o&#x6d;&#x2e;&#98;&#114;<\/a><br \/>\n<\/div><\/div><\/div>\n<div class=\"su-row\"><div class=\"su-column su-column-size-1-2\"><div class=\"su-column-inner su-u-clearfix su-u-trim\">\n<img loading=\"lazy\" decoding=\"async\" class=\"alignnone wp-image-386 size-medium\" src=\"https:\/\/ecologiafluvial.cup.edu.uy\/wp-content\/uploads\/2019\/03\/joaquin-pais-e1553020867367-150x150.jpg\" alt=\"\" width=\"200\" height=\"200\" srcset=\"https:\/\/ecologiafluvial.cup.edu.uy\/wp-content\/uploads\/2019\/03\/joaquin-pais-e1553020867367-150x150.jpg 150w, https:\/\/ecologiafluvial.cup.edu.uy\/wp-content\/uploads\/2019\/03\/joaquin-pais-e1553020867367-300x300.jpg 300w, https:\/\/ecologiafluvial.cup.edu.uy\/wp-content\/uploads\/2019\/03\/joaquin-pais-e1553020867367-768x768.jpg 768w, https:\/\/ecologiafluvial.cup.edu.uy\/wp-content\/uploads\/2019\/03\/joaquin-pais-e1553020867367-350x350.jpg 350w, https:\/\/ecologiafluvial.cup.edu.uy\/wp-content\/uploads\/2019\/03\/joaquin-pais-e1553020867367.jpg 796w\" sizes=\"auto, (max-width: 200px) 100vw, 200px\" \/><br \/>\n<strong>Joaquin Pais<br \/>\n<\/strong>Licenciado en Ciencias Biol\u00f3gicas, orientaci\u00f3n :Ecolog\u00eda, Facultad de Ciencias, UdelaR.<br \/>\nSupervisor de Tesina: Ivan Gonz\u00e1lez-Bergonzoni (CENUR LN) y Marcelo Loureiro (Facultad de Ciencias).<br \/>\n\u00c1rea de trabajo: Ecolog\u00eda Tr\u00f3fica de Peces del Rio Uruguay.<br \/>\nTesis: Distribuci\u00f3n, diversidad y rol tr\u00f3fico de las especies de Viejas del Agua del Rio Uruguay .<br \/>\nE- mail <a href=\"&#109;&#x61;&#x69;l&#116;&#x6f;:&#106;&#x70;&#x61;i&#115;&#x40;f&#99;&#x69;&#x65;n&#46;&#x65;d&#117;&#x2e;&#x75;&#121;\">&#x6a;&#112;a&#x69;&#115;&#64;&#x66;&#99;i&#x65;&#110;&#46;&#x65;&#100;u&#x2e;&#x75;y<\/a><br \/>\n<\/div><\/div><\/div>\n<h3>Colaboradores<\/h3>\n<div class=\"su-row\"><div class=\"su-column su-column-size-1-2\"><div class=\"su-column-inner su-u-clearfix su-u-trim\">\n<img loading=\"lazy\" decoding=\"async\" class=\"alignnone wp-image-37 size-thumbnail\" src=\"http:\/\/server.paap.cup.edu.uy\/wordpress_pf\/wp-content\/uploads\/2018\/01\/marcelo-150x150.jpg\" alt=\"\" width=\"200\" height=\"200\" srcset=\"https:\/\/ecologiafluvial.cup.edu.uy\/wp-content\/uploads\/2018\/01\/marcelo-150x150.jpg 150w, https:\/\/ecologiafluvial.cup.edu.uy\/wp-content\/uploads\/2018\/01\/marcelo-100x100.jpg 100w\" sizes=\"auto, (max-width: 200px) 100vw, 200px\" \/><br \/>\n<strong>MSc. Marcelo Crossa<\/strong><br \/>\n<a style=\"text-indent: 0em;\" href=\"&#109;a&#x69;l&#x74;&#111;&#x3a;&#99;&#x72;&#111;s&#x73;a&#x2e;&#109;&#x61;&#114;&#x63;&#101;&#x6c;&#111;&#64;&#x67;m&#x61;&#105;&#x6c;&#46;&#x63;&#111;m\">&#x63;&#114;o&#x73;&#x73;&#97;&#46;&#x6d;&#97;r&#x63;&#x65;&#108;o&#x40;&#103;m&#x61;&#x69;&#108;&#46;&#x63;&#x6f;&#109;<\/a><br \/>\n\u00c1rea de trabajo:\u00a0 Biolog\u00eda de peces y manejo de recursos pesqueros<br \/>\n<\/div><\/div><div class=\"su-column su-column-size-1-2\"><div class=\"su-column-inner su-u-clearfix su-u-trim\">\n<p><img loading=\"lazy\" decoding=\"async\" class=\"alignnone wp-image-34 size-thumbnail\" src=\"http:\/\/server.paap.cup.edu.uy\/wordpress_pf\/wp-content\/uploads\/2018\/01\/diego-150x150.jpg\" alt=\"\" width=\"200\" height=\"200\" srcset=\"https:\/\/ecologiafluvial.cup.edu.uy\/wp-content\/uploads\/2018\/01\/diego-150x150.jpg 150w, https:\/\/ecologiafluvial.cup.edu.uy\/wp-content\/uploads\/2018\/01\/diego-100x100.jpg 100w\" sizes=\"auto, (max-width: 200px) 100vw, 200px\" \/><br \/>\n<strong>Lic. Diego Varela<br \/>\n<\/strong>Geomorfolog\u00eda y Ecolog\u00eda<br \/>\nProfesor de Biolog\u00eda<\/div><\/div><span style=\"text-indent: 0em;\"><\/div><\/span><\/p>\n<div class=\"su-row\"><div class=\"su-column su-column-size-1-2\"><div class=\"su-column-inner su-u-clearfix su-u-trim\">\n<p><img loading=\"lazy\" decoding=\"async\" class=\"alignnone wp-image-38 size-thumbnail\" src=\"http:\/\/server.paap.cup.edu.uy\/wordpress_pf\/wp-content\/uploads\/2018\/01\/mercedes-150x150.jpg\" alt=\"\" width=\"200\" height=\"200\" srcset=\"https:\/\/ecologiafluvial.cup.edu.uy\/wp-content\/uploads\/2018\/01\/mercedes-150x150.jpg 150w, https:\/\/ecologiafluvial.cup.edu.uy\/wp-content\/uploads\/2018\/01\/mercedes-100x100.jpg 100w\" sizes=\"auto, (max-width: 200px) 100vw, 200px\" \/><br \/>\n<strong>MSc. Mercedes Paradiso<br \/>\n<\/strong>Limnolog\u00eda y Ecotoxicolog\u00eda<br \/>\nUnidad Ambiental<br \/>\nIntendencia Departamental de Paysand\u00fa<\/div><\/div><div class=\"su-column su-column-size-1-2\"><div class=\"su-column-inner su-u-clearfix su-u-trim\">\n<p><img loading=\"lazy\" decoding=\"async\" class=\"alignnone wp-image-44 size-thumbnail\" src=\"http:\/\/server.paap.cup.edu.uy\/wordpress_pf\/wp-content\/uploads\/2018\/01\/ricardo-150x150.jpg\" alt=\"\" width=\"200\" height=\"200\" srcset=\"https:\/\/ecologiafluvial.cup.edu.uy\/wp-content\/uploads\/2018\/01\/ricardo-150x150.jpg 150w, https:\/\/ecologiafluvial.cup.edu.uy\/wp-content\/uploads\/2018\/01\/ricardo-300x300.jpg 300w, https:\/\/ecologiafluvial.cup.edu.uy\/wp-content\/uploads\/2018\/01\/ricardo-100x100.jpg 100w, https:\/\/ecologiafluvial.cup.edu.uy\/wp-content\/uploads\/2018\/01\/ricardo.jpg 640w\" sizes=\"auto, (max-width: 200px) 100vw, 200px\" \/><br \/>\n<strong>MSc. Ricardo Hladki<br \/>\n<\/strong>Ecotoxicolog\u00eda<br \/>\nPolo de Impactos de Fitosanitarias en Sistemas Agr\u00edcolas<br \/>\nCENUR Litoral Norte &#8211; Paysand\u00fa<\/div><\/div><\/div>\n<h3><span style=\"color: #333333;\"><br \/>\nInvestigadores visitantes<\/span><\/h3>\n<div class=\"su-row\"><div class=\"su-column su-column-size-1-2\"><div class=\"su-column-inner su-u-clearfix su-u-trim\">\n<p><img loading=\"lazy\" decoding=\"async\" class=\"alignnone wp-image-39 size-thumbnail\" src=\"http:\/\/server.paap.cup.edu.uy\/wordpress_pf\/wp-content\/uploads\/2018\/01\/paulina-150x150.jpg\" alt=\"\" width=\"200\" height=\"200\" srcset=\"https:\/\/ecologiafluvial.cup.edu.uy\/wp-content\/uploads\/2018\/01\/paulina-150x150.jpg 150w, https:\/\/ecologiafluvial.cup.edu.uy\/wp-content\/uploads\/2018\/01\/paulina-100x100.jpg 100w\" sizes=\"auto, (max-width: 200px) 100vw, 200px\" \/><br \/>\n<strong>Paulina Puchi<br \/>\n<\/strong>Canditata del Ph.D.<br \/>\nUniversidad de Padova, Italia<br \/>\nDendrochronolog\u00eda\u00a0 y dendroclimatolog\u00eda<br \/>\n<\/div><\/div>\n<\/div>\n","protected":false},"excerpt":{"rendered":"<p>Estudiantes Estudiantes Egresados \/ Alumni Colaboradores Investigadores visitantes<\/p>\n","protected":false},"author":2,"featured_media":0,"parent":0,"menu_order":0,"comment_status":"closed","ping_status":"closed","template":"","meta":{"footnotes":""},"class_list":["post-7","page","type-page","status-publish","hentry"],"_links":{"self":[{"href":"https:\/\/ecologiafluvial.cup.edu.uy\/index.php\/wp-json\/wp\/v2\/pages\/7","targetHints":{"allow":["GET"]}}],"collection":[{"href":"https:\/\/ecologiafluvial.cup.edu.uy\/index.php\/wp-json\/wp\/v2\/pages"}],"about":[{"href":"https:\/\/ecologiafluvial.cup.edu.uy\/index.php\/wp-json\/wp\/v2\/types\/page"}],"author":[{"embeddable":true,"href":"https:\/\/ecologiafluvial.cup.edu.uy\/index.php\/wp-json\/wp\/v2\/users\/2"}],"replies":[{"embeddable":true,"href":"https:\/\/ecologiafluvial.cup.edu.uy\/index.php\/wp-json\/wp\/v2\/comments?post=7"}],"version-history":[{"count":69,"href":"https:\/\/ecologiafluvial.cup.edu.uy\/index.php\/wp-json\/wp\/v2\/pages\/7\/revisions"}],"predecessor-version":[{"id":457,"href":"https:\/\/ecologiafluvial.cup.edu.uy\/index.php\/wp-json\/wp\/v2\/pages\/7\/revisions\/457"}],"wp:attachment":[{"href":"https:\/\/ecologiafluvial.cup.edu.uy\/index.php\/wp-json\/wp\/v2\/media?parent=7"}],"curies":[{"name":"wp","href":"https:\/\/api.w.org\/{rel}","templated":true}]}}