{"id":85,"date":"2018-01-03T16:20:38","date_gmt":"2018-01-03T16:20:38","guid":{"rendered":"http:\/\/server.paap.cup.edu.uy\/wordpress_pf\/?page_id=85"},"modified":"2019-07-15T18:02:51","modified_gmt":"2019-07-15T18:02:51","slug":"publicaciones","status":"publish","type":"page","link":"https:\/\/ecologiafluvial.cup.edu.uy\/index.php\/investigacion-2\/publicaciones\/","title":{"rendered":"Publicaciones"},"content":{"rendered":"<h3 style=\"text-align: justify;\">Publicaciones Cient\u00edficas<\/h3>\n<p style=\"text-align: justify;\"><strong><span style=\"font-size: 14pt;\">2019.<\/span><\/strong>\u00a0<strong>GONZ\u00c1LEZ-BERGONZONI, I<\/strong>., D\u2019ANATRO, VIDAL, N., STEBNIKI, S., TESITORE, G., SILVA, S., &amp; F. TEIXEIRA DE MELLO. Origin of fish biomass in a diverse subtropical river: allochthonic-supported biomass increase following flood pulses. <strong><em>Ecosystems. En prensa. <\/em><\/strong><\/p>\n<p style=\"text-align: justify;\"><span style=\"font-size: 14pt;\"><strong>2019.\u00a0<\/strong><\/span>Vidal, N., <strong>GONZ\u00c1LEZ-BERGONZONI I,<\/strong> NAYA, D. The effect of fasting on nutritional status, organs size and isotopic composition in a Neotropical fish species (Jenynsia multidentata). <strong><em>Hydrobiologia<\/em><\/strong>, 828 (1):73-78<\/p>\n<p style=\"text-align: justify;\"><strong><span style=\"font-size: 14pt;\">2018.<\/span><\/strong>\u00a0<strong>GONZ\u00c1LEZ-BERGONZONI I,<\/strong> P.B. KRISTENSEN, A. BAATRUP-PEDERSEN, E.A. KRISTENSEN, A. ALNOEE, T. RIIS. Riparian forest modifies fueling sources for stream food webs but not food chain length in lowland streams of Denmark. <strong><em>Hydrobiologia<\/em><\/strong>, 805(1):291-310. doi:\u00a0<a href=\"https:\/\/doi.org\/10.1007\/s10750-017-3313-1\">10.1007\/s10750-017-3313-1<\/a><\/p>\n<p style=\"text-align: justify;\"><span style=\"font-size: 14pt;\"><strong>2018.\u00a0<\/strong><\/span>DAVIDSON T.A, S. WETTERICH, K.L. JOHANSEN, B. GR\u00d8NNOW, T. WINDIRSCH, E. JEPPESEN, J. SYVYR\u00c4NTA, J. OLSEN, <strong>I. GONZ\u00c1LEZ-BERGONZONI,<\/strong> A. STRUNK, N.K. LARSEN, H. MEYER, J. S\u00d8NDERGAARD, R. DIETZ,\u00a0 I. EULEARS, A. MOSBECH\u00a0 (2018) The history of seabird colonies and the North Water ecosystem: Contributions from palaeoecological and archaeological evidence, <strong><em>AMBIO<\/em><\/strong>, 2018 , v.: 47 2 , p.:175 \u2013 192<\/p>\n<p style=\"text-align: justify;\"><span style=\"font-size: 14pt;\"><strong>2018.<\/strong><\/span>\u00a0A.CARLOZZI, L. BIDEGARAY-BATISTA<strong>, I. GONZ\u00c1LEZ-BERGONZONI<\/strong>, A. AISENBERG. Flying sand-dwelling spiders: aerial dispersal in Allocosa marindia and Allocosa senex (Araneae: Lycosidae). <strong><em>Journal of Arachnology<\/em><\/strong> 46 (1)-.<\/p>\n<p style=\"text-align: justify;\"><strong><span style=\"font-size: 14pt;\">2017.\u00a0<\/span>GONZ\u00c1LEZ-BERGONZONI I<\/strong>; K.L. JOHANSSON, A MOSBECH, F. LANDKILDEHUS, E. JEPPESEN, T. DAVIDSON (2017) Small birds, big effects: The Little Auk (Alle alle) transforms high arctic ecosystems. <strong><em>Proceedings of the Royal Society of London. Series B: Biological Science.<\/em><\/strong> 284: 1849-1849, doi:\u00a010.1098\/rspb.2016.2572.<\/p>\n<p style=\"text-align: justify;\"><span style=\"font-size: 14pt;\"><strong>2017.<\/strong><\/span>\u00a0IGLESIAS C., MEERHOFF M., JOHANSSON LS., <strong>GONZ\u00c1LEZ-BERGONZONI I.,<\/strong> MAZZEO N., PACHECO JP., TEIXEIRA-DE MELLO F., LAURIDSEN TL., S\u00d8NDERGAARD M., DAVIDSON TA., JEPPESEN E. Stable isotope analysis confirms substantial differences between subtropical and temperate shallow lake food webs. <strong><em>Hydrobiologia<\/em><\/strong>, 784: 111-123<\/p>\n<p style=\"text-align: justify;\"><span style=\"font-size: 14pt;\"><strong>2017.<\/strong><\/span>\u00a0DING, N, YANG, W., ZHOU, Y., <strong>GONZ\u00c1LEZ-BERGONZONI, I.,<\/strong> ZHANG, J., CHEN, K., VIDAL, N., JEPPESEN, E., LIU, Z., WANG, B.\u00a0 Different responses of functional traits and diversity of stream macroinvertebrates to environmental and spatial factors in the Xishuangbanna watershed of the upper Mekong River Basin, China. <strong><em>Science of The Total Environment<\/em><\/strong> 574: 288-299.<\/p>\n<p style=\"text-align: justify;\"><strong><span style=\"font-size: 14pt;\">2017.<\/span><\/strong> <strong>Lucas, C.M.<\/strong>, Ceroni, M., Baeza, S., Brazeiro, A. &amp; Mu\u00f1oz, A.A. Time-scale dependent effects of climate variability on productivity of riparian and upland woodlands in Uruguay. 2o Journal of Vegetation Science 28: 192-205.<\/p>\n<p style=\"text-align: justify;\"><span style=\"font-size: 14pt;\"><strong>2016.<\/strong><\/span>\u00a0<strong>GONZ\u00c1LEZ-BERGONZONI I.,<\/strong> MEERHOFF M., VIDAL N., TEIXEIRA DE-MELLO F., GOYENOLA G., LOPEZ A., JEPPESEN, E. Potential drivers of seasonal shifts in fish omnivory in a subtropical stream. Hydrobiolog\u00eda 768: 183-196.<\/p>\n<p style=\"text-align: justify;\"><span style=\"font-size: 14pt;\"><strong>2016.<\/strong><\/span>\u00a0LOUREIRO M., ZARUCKI M., MALABARBA L., <strong>GONZ\u00c1LEZ-BERGONZONI I<\/strong>. A new species of Gymnogeophagus from the middle and lower Rio Uruguay basin and coastal drainages of Uruguay (Teleostei: Cichliformes). Neotropical ichthyology 14(1): e150082.<\/p>\n<p style=\"text-align: justify;\"><span style=\"font-size: 14pt;\"><strong>2016.<\/strong> <\/span><strong>Lucas, C.M.<\/strong>, P. Sheikh, P.R. Gagnon, &amp; D.G. McGrath. How livestock and flooding mediate the ecological integrity of working forests in Amazon River floodplains. Ecological Applications 26(1): 190\u2013202.<\/p>\n<p style=\"text-align: justify;\"><strong><span style=\"font-size: 14pt;\">2015.\u00a0<\/span>GONZ\u00c1LEZ-BERGONZONI I<\/strong>., VIDAL N., WANG B., NING D., LIU Z., JEPPESEN E., MEERHOFF M. 2014. General validation of formalin-preserved fish samples in foodweb studies using stable isotopes. <strong><em>Methods in Ecology and Evolution<\/em><\/strong>, 6:307-314.<\/p>\n<p style=\"text-align: justify;\"><span style=\"font-size: 14pt;\"><strong>2015.<\/strong><\/span>\u00a0TEIXEIRA DE MELLO, F., MEERHOFF, M., <strong>GONZ\u00c1LEZ-BERGONZONI, I<\/strong>., KRISTENSEN E.A., BATTRUPP- PEDERSEN, A., JEPPESEN E. Influence of riparian forest on fish assemblages in temperate lowland streams (Denmark). Environmental Biology of Fishes. 99:133-144.<\/p>\n<p style=\"text-align: justify;\"><span style=\"font-size: 14pt;\"><strong>2015.<\/strong><\/span>\u00a0GOYENOLA G.,\u00a0 MEERHOFF M., TEIXEIRA-DE MELLO F., <strong>GONZ\u00c1LEZ-BERGONZONI I<\/strong>., GRAEBER D., FOSALBA C., VIDAL N., MAZZEO N., OVESEN N.B., JEPPESEN E., KRONVANG, B. 2015, Phosphorus dynamics in lowland streams as a response to climatic, hydrological and agricultural land use gradients . <strong><em>Hydrology and Earth System Sciences Discussions<\/em><\/strong>, 12(3): 3349-3390.<\/p>\n<p style=\"text-align: justify;\"><span style=\"font-size: 14pt;\"><strong>2015.\u00a0<\/strong><\/span>RAEBER D., GOYENOLA G., MEERHOFF M., ZWIRNMANN E., OVESEN N.B., GLENDELL M., GELBRECHT J., TEIXEIRA DE MELLO F., <strong>GONZ\u00c1LEZ-BERGONZONI I<\/strong>., JEPPESEN E., KRONVANG B. 2015, Interacting effects of climate and agriculture on fluvial DOM in temperate and subtropical catchments. <strong><em>Hydrology and Earth System Sciences,<\/em><\/strong> 19(5): 2377-2394.<\/p>\n<p style=\"text-align: justify;\"><strong><span style=\"font-size: 14pt;\">2015.\u00a0<\/span> Lucas, C.M.<\/strong>, Jorgensen, J., Kalikoski, D., Fischer, J., Josepuit, H (eds). Fishers&#8217; Knowledge and the Ecosystem Approach to Fisheries: Applications, experiences and lessons in Central and South America. FAO Technical Paper No. 591.<br \/>\n<a href=\"http:\/\/www.fao.org\/publications\/card\/en\/c\/9b643e50-fc20-4565-9962-bdf6d072dd32\/\" target=\"_blank\" rel=\"noopener\">http:\/\/www.fao.org\/publications\/card\/en\/c\/9b643e50-fc20-4565-9962-bdf6d072dd32\/<\/a><\/p>\n<p style=\"text-align: justify;\"><strong><span style=\"font-size: 14pt;\">\u00a02015.\u00a0<\/span> Lucas, C.M.<\/strong> (editor). Workshop on Fishers&#8217; Knowledge and the Ecosystem Approach to Fisheries, Panama, Panama, 14-18 October 2013. FAO Workshop Report No.1080.<\/p>\n<p style=\"text-align: justify;\">Crossa, M.; S. Horta,; D. N\u00fa\u00f1ez.; Fischer, J. in press. Piloting of an Ecosystem Approach to Fisheries Management in a Freshwater Reservoir, Uruguay.IN:<\/p>\n<p style=\"text-align: justify;\"><span style=\"font-size: 14pt;\"><strong>2014.<\/strong><\/span>\u00a0<strong>GONZ\u00c1LEZ-BERGONZONI, I<\/strong>., LANDKILDEHUS, F., MEERHOFF, M., LAURIDSEN, T. L., \u00d6ZKAN, K., DAVIDSON, T. A., MAZZEO, N., JEPPESEN, E. Fish determine macroinvertebrate food webs and assemblage structure in Greenland subarctic streams. <strong><em>Freshwater Biology<\/em><\/strong>, 59: 1830-1842.<strong><em> IF<sub>2017<\/sub>= 3.76<\/em><\/strong><\/p>\n<p style=\"text-align: justify;\"><span style=\"font-size: 14pt;\"><strong>2014.<\/strong><\/span>\u00a0JEPPESEN, E., MEERHOFF M., DAVIDSON TA., S\u00d8NDERGAARD M., LAURIDSEN TL., BEKLIOGLU., BRUCET S., VOLTA P., <strong>GONZ\u00c1LEZ-BERGONZONI I<\/strong>., NIELSEN A., TROLLE D. Climate change: an integrated ecological perspective on lakes based on multi-faceted approach data. <strong><em>Journal of Limnology<\/em><\/strong>, 73:88-111.<\/p>\n<p style=\"text-align: justify;\"><span style=\"font-size: 14pt;\"><strong>2014.<\/strong><\/span>\u00a0TEIXEIRA-DE MELLO F., KRISTENSEN E., MEERHOFF M., <strong>GONZ\u00c1LEZ-BERGONZONI I.<\/strong>, BAATTRUP-PEDERSEN A., IGLESIAS C., KRISTENSEN P.B.\u00a0 MAZZEO N. JEPPESEN, E. Monitoring fish communities in wadeable lowland streams: comparing the efficiency of electrofishing methods at contrasting fish assemblages. <strong><em>Environmental Monitoring and Assessment<\/em><\/strong>, 186:1665-1677.<\/p>\n<p style=\"text-align: justify;\"><span style=\"font-size: 14pt;\"><strong>2014.<\/strong> <\/span><strong>Lucas, C.M.<\/strong> Second Growth: The Promise of Tropical Forest Regeneration in an Age of Deforestation, Robin L. Chazdon. Book Review Biotropica 46(6):771. <a href=\"http:\/\/onlinelibrary.wiley.com\/doi\/10.1111\/btp.12164\/abstract\" target=\"_blank\" rel=\"noopener\">http:\/\/onlinelibrary.wiley.com\/doi\/10.1111\/btp.12164\/abstract<\/a><\/p>\n<p style=\"text-align: justify;\"><strong><span style=\"font-size: 14pt;\">2014.<\/span> <\/strong>REPRINT <span style=\"text-indent: 0em;\">: <strong>Lucas, C.M.<\/strong> (2008). Within flood season variation in fruit consumption and seed dispersal by two characin fishes of the Amazon. Biotropica Virtual Issue: Brazil. <\/span><a style=\"text-indent: 0em;\" href=\"http:\/\/onlinelibrary.wiley.com\/doi\/10.1111\/j.1744-7429.2008.00415.x\/abstract\" target=\"_blank\" rel=\"noopener\">http:\/\/onlinelibrary.wiley.com\/doi\/10.1111\/j.1744-7429.2008.00415.x\/abstract<\/a><\/p>\n<p style=\"text-align: justify;\"><span style=\"font-size: 14pt;\"><strong>2014.<\/strong> <\/span>Lucas, C.M., J. Sch\u00f6ngart, P. Sheikh, F. Wittmann, M.T.F. Piedade, &amp; D.G. McGrath. Effects of land-use and hydroperiod on aboveground biomass storage and accumulation in secondary Amazonian floodplain forests. Forest Ecology and Management 319:116-127.<\/p>\n<p style=\"text-align: justify;\"><span style=\"font-size: 14pt;\"><strong>2013.<\/strong><\/span>\u00a0CHALAR G., DELBENE L., <strong>GONZ\u00c1LEZ-BERGONZONI I<\/strong>., AROCENA R. Fish assemblage changes along a trophic gradient induced by agricultural activities (Santa Luc\u00eda, Uruguay). <strong><em>Ecological Indicators<\/em><\/strong> 24:582-588.<\/p>\n<p style=\"text-align: justify;\"><span style=\"font-size: 14pt;\"><strong>2013.\u00a0<\/strong><\/span>TELLECHEA, J.S., TEIXEIRA DE MELLO, F., <strong>GONZ\u00c1LEZ-BERGONZONI, I<\/strong>., VIDAL N. Sound production in four species of the Loriicaridae family. <strong><em>Brazilian Journal of Biology,<\/em><\/strong> 73:679-680.<\/p>\n<p style=\"text-align: justify;\"><span style=\"font-size: 14pt;\"><strong>2013.<\/strong><\/span>\u00a0D&#8217;ANATRO, A., VIDAL, N., <strong>GONZ\u00c1LEZ-BERGONZONI, I<\/strong>., TEIXEIRA DE MELLO, F., TANA, J., NAYA D.E. Geographic and seasonal variation analysis of digestive morphology in the catfish <em>Iheringichthys labrosus<\/em> along lower R\u00edo Uruguay. <strong><em>Open Access Animal Physiology<\/em><\/strong>, 5.<\/p>\n<p style=\"text-align: justify;\"><span style=\"font-size: 14pt;\"><strong>2013.<\/strong><\/span>\u00a0SERRA, W.S., ZARUCKI, M., DUARTE, A., BURRESS, E.D., TEIXEIRA-DE-MELLO, F., <strong>GONZ\u00c1LEZ-BERGONZONI, I<\/strong>., LOUREIRO, M. First report of four characiform fishes (Ostariophysi:Characiformes) for Uruguay. <strong><em>Checklist<\/em><\/strong>, 9:1576- 1579.<\/p>\n<p style=\"text-align: justify;\"><span style=\"font-size: 14pt;\"><strong>2013.<\/strong> <\/span><strong>Lucas, C.M.<\/strong>, Bruna, E., C.N. Nascimento. Seedling co-tolerance of multiple stressors in a disturbed tropical floodplain forest. Ecosphere 4(1): art3. www.esajournals.org\/doi\/pdf\/10.1890\/ES12-00287.1<\/p>\n<p style=\"text-align: justify;\"><strong><span style=\"font-size: 14pt;\">2012.\u00a0<\/span>GONZ\u00c1LEZ-BERGONZONI, I<\/strong>., MEERHOFF, M., DAVIDSON, T; TEIXEIRA DE MELLO, F., BAATTRUP- PEDERSEN, A., &amp; E. JEPPESEN. Meta-analysis shows a consistent and strong latitudinal pattern in fish herbivory across ecosystems, <strong><em>Ecosystems<\/em><\/strong>, 15:492-503.<\/p>\n<p style=\"text-align: justify;\"><span style=\"font-size: 14pt;\"><strong>2012.<\/strong><\/span>\u00a0MEERHOFF M., TEIXEIRA-DE MELLO F., KRUK C., ALONSO C., <strong>GONZ\u00c1LEZ-BERGONZONI I<\/strong>., PACHECO JP., LACEROT G., ARIM M., BEKLIOG\u0306LU M., BRUCET S., GOYENOLA G., IGLESIAS C., MAZZEO N., KOSTEN S., JEPPESEN, E. 2012. Environmental warming in shallow lakes: a review of potential changes in community structure as evidenced from space-for-time substitution approaches. <strong><em>Advances in Ecological Research<\/em><\/strong> 46:259-349.<\/p>\n<p style=\"text-align: justify;\"><strong><span style=\"font-size: 14pt;\">2012.<\/span> Lucas, C.M.,<\/strong> F. Mekde\u00e7e, C.N. Nascimento, A.S. Holanda, J. Braga, S. Dias, S. Sousa, P.S. Rosa, C. Suemitsu. The effects of waterlogging and prolonged submergence on seed germination of Amazonian floodplain species. Aquatic Botany 99: 49-55.<\/p>\n<p style=\"text-align: justify;\"><span style=\"font-size: 14pt;\"><strong>2011.<\/strong><\/span>\u00a0TEIXEIRA DE MELLO, F., <strong>GONZ\u00c1LEZ-BERGONZONI, I<\/strong>. &amp; F. VIANA. Lenght-weight relationships of 26 fish species from the middle section of Negro River Basin, (Tacuarembo- Durazno, Uruguay). <strong><em>Journal of Applied Ichthyology<\/em><\/strong>, 27:1413-1415.<\/p>\n<p style=\"text-align: justify;\"><span style=\"font-size: 14pt;\"><strong>2011.<\/strong><\/span>\u00a0TELLECHEA J.S., TEIXEIRA DE MELLO, F., <strong>GONZ\u00c1LEZ-BERGONZONI, I<\/strong>. &amp; VIDAL, N. Distress call and spine erection in the Neotropical catfish <em>Iheringichthys labrosus<\/em>-(Pimelodidae). <strong><em>Neotropical Ichthyology,<\/em><\/strong> 9: 889-894.<\/p>\n<p style=\"text-align: justify;\"><span style=\"font-size: 14pt;\"><strong>2011.\u00a0<\/strong><\/span>Zarucki, M., <strong>Gonz\u00e1lez-Bergonzoni, I<\/strong>., Teixeira de Mello, F., &amp; M. Loureiro. Fish diversity loss in an urban stream of Uruguay throughout the last century. <strong><em>Pan-American Journal of Aquatic Sciences<\/em><\/strong>, 6: 71-75.<\/p>\n<p style=\"text-align: justify;\"><strong><span style=\"font-size: 14pt;\">2011.<\/span> <\/strong>Horn, M., S.B. Correa, P. Parolin, B.J.A. Pollux, J.T. Anderson,<strong> C. Lucas,<\/strong> P. Widmann, A. Tiju, M. Galetti, and M. Goulding. Seed dispersal by fishes in tropical and temperate waters: the growing evidence. Acta Oecologia 37:561-577.<\/p>\n<p style=\"text-align: justify;\"><span style=\"font-size: 14pt;\"><strong>2010.<\/strong><\/span>\u00a0JEPPESEN, E., MEERHOFF, M., HOLMGREN, K., <strong>GONZ\u00c1LEZ-BERGONZONI, I.<\/strong>, TEIXEIRA-DE MELLO, F., DECLERCK, S., DE MEESTER, L., S\u00d8NDERGAARD, M., LAURIDSEN, T., BJERRING, R., CONDE- PORCUNA, J., MAZZEO, N., Iglesias, C., Reizenstein, M., Malmquist, H., Liu, Z., Balayla, D. &amp; X. Lazzaro. 2010. Impacts of climate warming on lake fish community structure and potential effects on ecosystem function. <strong><em>Hydrobiologia<\/em><\/strong>, 646: 73-90.<\/p>\n<p style=\"text-align: justify;\"><span style=\"font-size: 14pt;\"><strong>2010.\u00a0<\/strong><\/span>ZARUCKI, M., <strong>GONZ\u00c1LEZ-BERGONZONI, I<\/strong>. TEIXEIRA DE MELLO, F., DUARTE, A., SERRA, S., QUINTANS, F., &amp; M. LOUREIRO. 2010. New records of freshwater fish for Uruguay. <strong><em>Checklist<\/em><\/strong><em>,<\/em> 6(2): 191-194.<\/p>\n<p style=\"text-align: justify;\"><span style=\"font-size: 14pt;\"><strong>2010.<\/strong> <\/span>Parolin P,<strong> C. Lucas,<\/strong> M.T.F. Piedade, &amp; F. Wittmann. Drought responses of flood-tolerant trees in Amazonian Floodplains. Special Feature: Plant distribution in wetlands in relation to flooding tolerance and microbial processes. Annals of Botany 105(1): 129-139.<\/p>\n<p style=\"text-align: justify;\"><span style=\"font-size: 14pt;\"><strong>2009.<\/strong><\/span>\u00a0<strong>GONZ\u00c1LEZ-BERGONZONI, I<\/strong>., LOUREIRO, M., &amp; S. OVIEDO 2009. A new species of <em>Gymnogeophagus<\/em> from the R\u00edo Negro and R\u00edo Tacuari basins, Uruguay (Perciformes, Cichlidae). <strong><em>Neotropical Ichthyology<\/em><\/strong>, 7(1): 19-24.<\/p>\n<p style=\"text-align: justify;\"><span style=\"font-size: 14pt;\"><strong>2009.\u00a0<\/strong><\/span>TEIXEIRA DE MELLO, F., VIDAL, N., <strong>GONZ\u00c1LEZ-BERGONZONI, I<\/strong>. &amp; C. IGLESIAS. 2009. Length-weight relationships of eight fish species from the lower section of the Uruguay River (R\u00edo Negro, Uruguay). <strong><em>Journal of Applied Ichthyology<\/em><\/strong>, 25: 128-129.<\/p>\n<p style=\"text-align: justify;\"><span style=\"font-size: 14pt;\"><strong>2009.<\/strong> <\/span>Duchelle, A.E., K. Biedenweg, <strong>C. Lucas,<\/strong> J. Radachowsky, D. Wojcik, M. Londres, D. Alvira, W. Bartels, A.Virapongse, and K.A. Kainer. Graduate students and knowledge exchange with local stakeholders: Possibilities and preparation. Biotropica 41(5): 578-585.<\/p>\n<p style=\"text-align: justify;\"><strong><span style=\"font-size: 14pt;\">2008.<\/span> Lucas, C.M.<\/strong> Within flood season variation in fruit consumption and seed dispersal by two characin fishes of the Amazon. Biotropica 40(5): 581\u2013589.<\/p>\n<p style=\"text-align: justify;\"><strong><span style=\"font-size: 14pt;\">2008.<\/span> <\/strong>Hartter, J., <strong>C. Lucas,<\/strong> A. Gaughan, and L.L. Aranda. Detecting tropical dry forest succession in a shifting cultivation mosaic of the Yucat\u00e1n Peninsula, Mexico. Applied Geography 28(2): 134-149. Technical Papers<\/p>\n<h3 style=\"text-align: justify;\">Libros<\/h3>\n<p style=\"text-align: justify;\"><span style=\"font-size: 14pt;\"><strong>2011.<\/strong><\/span> Teixeira de Mello, F., <strong>Gonz\u00e1lez-Bergonzoni, I<\/strong>., &amp; M. Loureiro. 2011 <strong><em>Peces de Agua Dulce de Uruguay<\/em><\/strong>. Ed. Ministerio de Ganader\u00eda, Agricultura y Pesca, PPR y Acuario de la Colonia del Sacramento, Montevideo Uruguay, 166pp.<\/p>\n<h3 style=\"text-align: justify;\">Cap\u00edtulos de Libros<\/h3>\n<p style=\"text-align: justify;\"><span style=\"font-size: 14pt;\"><strong>2017.<\/strong><\/span>\u00a0<strong>Gonz\u00e1lez-Bergonzoni, I.<\/strong>, Naya, D., Vidal, N., Tesitore, G., Stebniki, S., Teixeira de Mello, F.,\u00a0 D\u2019Anatro A., Efectos de la introducci\u00f3n del mejill\u00f3n dorado (<em>Limnoperna fortunei<\/em>) sobre la ecolog\u00eda tr\u00f3fica y fisiolog\u00eda digestiva en peces del r\u00edo uruguay: efectos desde las especies hasta las comunidades, Rsumen extendido\u00a0 en libro \u201cSimposio Ecologia, Control y Manejo de Espcies Exoticas Invasoras en Uruguay, del Diagnostico a la Accion\u201d. Editores: Ernesto Brugnoli, Gabriel Laufer,\u00a0 DINAMA, MVOTMA.<\/p>\n<p style=\"text-align: justify;\"><span style=\"font-size: 14pt;\"><strong>2013.\u00a0<\/strong><\/span>Loureiro, M., Zarucki, M., <strong>Gonz\u00e1lez-Bergonzoni, I<\/strong>., Vidal, N., Fabiano, G. <strong><em>Capitulo 4: Peces de agua Dulce<\/em><\/strong>. En: Soutullo A, C Clavijo,\u00a0 Mart\u00ednez-Lanfranco, J.A. (eds.). 2013. Especies prioritarias para la conservaci\u00f3n de la biodiversidad en Uruguay: vertebrados, moluscos y plantas vasculares. SNAP\/DINAMA\/ MVOTMA y DICYT\/ MEC, Montevideo. 222 pp.<\/p>\n<p style=\"text-align: justify;\"><strong><span style=\"font-size: 14pt;\">2010.<\/span>\u00a0<\/strong>Zald\u00faa, N., Rios, M., Teixeira de Mello, F.,<strong> Gonz\u00e1lez-Bergonzoni, I.,<\/strong> Miguele, C., Rosano, A., &amp; W. Spinelli. 2010. Evaluaci\u00f3n participativa de pesticidas en peces de inter\u00e9s comercial en el sitio RAMSAR. En: Mariana R\u00edos, Natalia Zald\u00faa Y Sabrina Cupreiro (Eds.). Evaluaci\u00f3n participativa de pesticidas en el Parque Nacional: \u201cEsteros de Farrapos e Islas del Rio Uruguay\u201d. Vida Silvestre Uruguay, Montevideo, Uruguay: 59-69, ISBN: 9789974758957.<\/p>\n<p style=\"text-align: justify;\"><span style=\"font-size: 14pt;\"><strong>2010.<\/strong> <\/span>Mazzeo, N., Garc\u00eda-Rodr\u00edguez, F., Rodr\u00edguez, A., Mendez, G., Iglesias, C., Inda, H., Goyenola, G., Garc\u00eda, S., Fosalba, C., Marroni, S., Crisci, C., del Puerto, L., Clemente, J., Pacheco, J.P., Carballo, C., Kroger, A., Vianna, M., Meerhoff, M., Steffen, M., Lagomarsino, J.J., Masdeu, M., Vidal, N., Teixeira de Mello, F., <strong>Gonz\u00e1lez-Bergonzoni, I.,<\/strong> &amp; D. Larrea.2010. <strong><em>Estado tr\u00f3fico de la Laguna del Sauce y respuestas asociadas.<\/em><\/strong> En: Bases t\u00e9cnicas para el manejo integrado de la Laguna del Sauce y cuenca asociada. Steffen, M., &amp; H. Inda (Eds). Universidad de la Republica &amp; South American Institute for Resilience Studies (SARAS), Montevideo, Uruguay: 31-51, ISBN: 9789974006942<\/p>\n<p style=\"text-align: justify;\">\n","protected":false},"excerpt":{"rendered":"<p>Publicaciones Cient\u00edficas 2019.\u00a0GONZ\u00c1LEZ-BERGONZONI, I., D\u2019ANATRO, VIDAL, N., STEBNIKI, S., TESITORE, G., SILVA, S., &amp; F. TEIXEIRA DE MELLO. Origin of fish biomass in a diverse subtropical river: allochthonic-supported biomass increase following flood pulses. Ecosystems. En prensa. 2019.\u00a0Vidal, N., GONZ\u00c1LEZ-BERGONZONI I, NAYA, D. The effect of fasting on nutritional status, organs &hellip;<\/p>\n","protected":false},"author":2,"featured_media":0,"parent":150,"menu_order":0,"comment_status":"closed","ping_status":"closed","template":"","meta":{"footnotes":""},"class_list":["post-85","page","type-page","status-publish","hentry"],"_links":{"self":[{"href":"https:\/\/ecologiafluvial.cup.edu.uy\/index.php\/wp-json\/wp\/v2\/pages\/85","targetHints":{"allow":["GET"]}}],"collection":[{"href":"https:\/\/ecologiafluvial.cup.edu.uy\/index.php\/wp-json\/wp\/v2\/pages"}],"about":[{"href":"https:\/\/ecologiafluvial.cup.edu.uy\/index.php\/wp-json\/wp\/v2\/types\/page"}],"author":[{"embeddable":true,"href":"https:\/\/ecologiafluvial.cup.edu.uy\/index.php\/wp-json\/wp\/v2\/users\/2"}],"replies":[{"embeddable":true,"href":"https:\/\/ecologiafluvial.cup.edu.uy\/index.php\/wp-json\/wp\/v2\/comments?post=85"}],"version-history":[{"count":16,"href":"https:\/\/ecologiafluvial.cup.edu.uy\/index.php\/wp-json\/wp\/v2\/pages\/85\/revisions"}],"predecessor-version":[{"id":414,"href":"https:\/\/ecologiafluvial.cup.edu.uy\/index.php\/wp-json\/wp\/v2\/pages\/85\/revisions\/414"}],"up":[{"embeddable":true,"href":"https:\/\/ecologiafluvial.cup.edu.uy\/index.php\/wp-json\/wp\/v2\/pages\/150"}],"wp:attachment":[{"href":"https:\/\/ecologiafluvial.cup.edu.uy\/index.php\/wp-json\/wp\/v2\/media?parent=85"}],"curies":[{"name":"wp","href":"https:\/\/api.w.org\/{rel}","templated":true}]}}