{"id":9,"date":"2018-01-03T15:31:14","date_gmt":"2018-01-03T15:31:14","guid":{"rendered":"http:\/\/server.paap.cup.edu.uy\/wordpress_pf\/?page_id=9"},"modified":"2019-07-19T19:21:27","modified_gmt":"2019-07-19T19:21:27","slug":"investigacion","status":"publish","type":"page","link":"https:\/\/ecologiafluvial.cup.edu.uy\/index.php\/investigacion-2\/investigacion\/","title":{"rendered":"L\u00edneas de Investigaci\u00f3n"},"content":{"rendered":"<h6><span style=\"color: #008000; font-size: 18pt;\"><strong>Objetivo general<\/strong><\/span><\/h6>\n<p style=\"text-align: justify;\"><strong><span style=\"font-size: 14pt;\"><em>La investigaci\u00f3n del Polo de Ecolog\u00eda Fluvial es comprender de manera integrada los ecosistemas fluviales, a fin de poder conservarlos y gestionarlos a partir del mejor el conocimiento disponible.<\/em><\/span><\/strong><\/p>\n<p style=\"text-align: justify;\"><span style=\"font-size: 14pt;\">Para lograr este objetivo se propone <strong>tres l\u00edneas de investigaci\u00f3n:<\/strong><\/span><\/p>\n<ul>\n<li style=\"text-align: justify;\"><span style=\"font-size: 14pt;\"><strong>I-<\/strong> <u>Ecolog\u00eda de ecosistemas fluviales de los afluentes del R\u00edo Uruguay<\/u><\/span><\/li>\n<\/ul>\n<p><em>-Ecolog\u00eda tr\u00f3fica del r\u00edo Uruguay y sus afluentes, con particular foco en comunidades de peces y su rol en el ecosistema fluvial. <\/em><\/p>\n<ul>\n<li><span style=\"font-size: 14pt;\"><strong>II-<\/strong> <u>Impactos antr\u00f3picos sobre la integridad ecol\u00f3gica del ecosistema fluvial y ecosistemas de bosques en cuencas hidrol\u00f3gicas<\/u><\/span><\/li>\n<\/ul>\n<p><em>-Efectos de la introducci\u00f3n de especies ex\u00f3ticas invasoras sobre la integridad de las comunidades de peces e invertebrados nativos de ecosistemas fluviales. An\u00e1lisis enfocado en impactos sobre estructura de las tramas tr\u00f3ficas<\/em><\/p>\n<p><em>\u00a0-Efectos de las represas y reservorios sobre la integridad de la estructura de comunidades y tramas troficas de peces en el Rio Uruguay y en el Rio Negro <\/em><\/p>\n<ul>\n<li><span style=\"font-size: 14pt;\"><strong>III-<\/strong> <u>Monitoreo de calidad de agua a trav\u00e9s de bio-indicadores y el manejo de recursos acu\u00e1ticos y terrestres que cumplen el servicio ecosist\u00e9mico de proteger la calidad de agua<\/u><\/span><\/li>\n<\/ul>\n<p><em>-Efecto de cambios en el uso del suelo sobre comunidades de peces en la cuenca del Rio Negro. Desarrollo de herramientas para el uso de peces como bio-indicadores de impactos Agro-forestales en arroyos de la cuenca del Rio Negro.<\/em><\/p>\n<p>&nbsp;<\/p>\n<h3 style=\"text-align: justify;\"><span style=\"color: #008000;\"><strong>Proyectos de investigaci\u00f3n<\/strong><\/span><\/h3>\n<p><span style=\"font-size: 12pt;\"><div class=\"su-accordion su-u-trim\"><div class=\"su-spoiler su-spoiler-style-fancy su-spoiler-icon-plus su-spoiler-closed\" data-scroll-offset=\"0\" data-anchor-in-url=\"no\"><div class=\"su-spoiler-title\" tabindex=\"0\" role=\"button\"><span class=\"su-spoiler-icon\"><\/span>2017-2019. Proyecto CSIC I + D-2016: \u201cEstructura y funcionamiento de las tramas tr\u00f3ficas de peces en el R\u00edo Uruguay: caracterizaci\u00f3n de las principales amenazas a su integridad ecol\u00f3gica\u201d. <\/div><div class=\"su-spoiler-content su-u-clearfix su-u-trim\">Responsable cient\u00edfico Dr. Ivan Gonz\u00e1lez-Bergonzoni. El proyecto involucr\u00f3 extensos muestreos de peces, invertebrados, macr\u00f3fitas y algas a lo largo de un gradiente longitudinal en R\u00edo Uruguay desde sus cabeceras en Brasil hasta la desembocadura en Uruguay. Su objetivo es describir la estructura y din\u00e1mica de la red alimentaria mediante la combinaci\u00f3n de is\u00f3topos estables de C y N y el an\u00e1lisis del contenido estomacal de peces. Financiamiento: Comisi\u00f3n Sectorial de Investigaci\u00f3n Cient\u00edfica (CSIC). Universidad de la Rep\u00fablica, Uruguay.<\/div><\/div> <div class=\"su-spoiler su-spoiler-style-fancy su-spoiler-icon-plus su-spoiler-closed\" data-scroll-offset=\"0\" data-anchor-in-url=\"no\"><div class=\"su-spoiler-title\" tabindex=\"0\" role=\"button\"><span class=\"su-spoiler-icon\"><\/span>2017-2019. Proyecto FCE-2016-126-780: \u00a8Interacci\u00f3n entre el mejill\u00f3n invasor Limnoperna fortunei y las comunidades de peces nativos: efectos de los individuos al ecosistema\u00a8. <\/div><div class=\"su-spoiler-content su-u-clearfix su-u-trim\">Responsable cient\u00edfico: Dr. Ivan Gonz\u00e1lez-Bergonzoni. El objetivo del proyecto es estudiar el efecto de un mejill\u00f3n invasor ex\u00f3tico en la ecolog\u00eda y fisiolog\u00eda de peces individuales, afectando en \u00faltima instancia la estructura de la red alimentaria y procesos ecosist\u00e9micos mediante la combinaci\u00f3n de muestreos de campo con enfoques experimentales de meso-escala. Financiamiento: Fondo Clemente Estable modalidad II Agencia Nacional de Investigaci\u00f3n e Innovaci\u00f3n de Uruguay (ANII).<\/div><\/div> <div class=\"su-spoiler su-spoiler-style-fancy su-spoiler-icon-plus su-spoiler-closed\" data-scroll-offset=\"0\" data-anchor-in-url=\"no\"><div class=\"su-spoiler-title\" tabindex=\"0\" role=\"button\"><span class=\"su-spoiler-icon\"><\/span>2017-2019. Proyecto CSIC I+D \u201cEstructura espacial y flujo de individuos en el paisaje como determinante de la diversidad, funcionamiento y estabilidad de sistemas fluviales: la cuenca del R\u00edo Negro como modelo\u201d. <\/div><div class=\"su-spoiler-content su-u-clearfix su-u-trim\">Responsable Cient\u00edfico Dr. Ana Borthagaray. Miembro del equipo de trabajo con participaci\u00f3n dando apoyo en organizaci\u00f3n y desarrollo de salidas de campo, en procesamiento de muestras en laboratorios y an\u00e1lisis de datos de isotopos estables de peces e invertebrados.<\/div><\/div> <div class=\"su-spoiler su-spoiler-style-fancy su-spoiler-icon-plus su-spoiler-closed\" data-scroll-offset=\"0\" data-anchor-in-url=\"no\"><div class=\"su-spoiler-title\" tabindex=\"0\" role=\"button\"><span class=\"su-spoiler-icon\"><\/span>2015-2018. Proyecto: \u00a8Evaluaci\u00f3n Ecol\u00f3gica de Cursos de Agua y Biomonitoreo Cuenca del Rio Negro\u00a8, Estudio enmarcado en el convenio de cooperaci\u00f3n cient\u00edfica entre la Direcci\u00f3n Nacional de Medio Ambiente (DINAMA), Uruguay y la secci\u00f3n Limnolog\u00eda de la Facultad de Ciencias, Universidad de la Rep\u00fablica. Financiaci\u00f3n DINAMA.<\/div><div class=\"su-spoiler-content su-u-clearfix su-u-trim\">Responsables Cient\u00edficos: Dr. Rafael Arocena y Dr. Guillermo Chalar. Miembro del equipo de trabajo responsable del dise\u00f1o, organizaci\u00f3n y desarrollo de muestreos, procesamiento de muestras, an\u00e1lisis de datos de correspondientes a las comunidades de peces de 56 arroyos de la Cuenca del Rio Negro. Responsable de la redacci\u00f3n del capitulo: \u201cPeces\u201d del informe final y de art\u00edculos cient\u00edficos sobre la tem\u00e1tica (en preparaci\u00f3n).<\/div><\/div><\/div><\/span><\/p>\n<p style=\"text-align: justify;\"><a href=\"https:\/\/ecologiafluvial.cup.edu.uy\/index.php\/2018\/01\/05\/evaluacion-calidad-agua-rio-queguay\/\">Evaluaci\u00f3n de la variabilidad espacio-temporal en calidad de agua en la Cuenca del R\u00edo Queguay<\/a><strong><br \/>\n<\/strong><a href=\"https:\/\/ecologiafluvial.cup.edu.uy\/index.php\/2018\/01\/05\/patrones-temporales-en-los-anillos-anuales-de-arboles-y-su-vinculo-con-el-clima-y-la-hidrologia\/\">Patrones temporales en los anillos anuales de \u00e1rboles y su v\u00ednculo con el clima y la hidrolog\u00eda<\/a><br \/>\n<a href=\"https:\/\/ecologiafluvial.cup.edu.uy\/index.php\/2018\/01\/05\/comportamiento-y-uso-de-habitat-de-peces\/\">Comportamiento y Uso de H\u00e1bitat de Peces<\/a><br \/>\n<a href=\"https:\/\/ecologiafluvial.cup.edu.uy\/index.php\/2018\/01\/05\/monitoreo-de-canadas-urbanas\/\">Monitoreo de Ca\u00f1adas Urbanas<br \/>\n<\/a><a href=\"https:\/\/ecologiafluvial.cup.edu.uy\/index.php\/2018\/01\/16\/regeneracion-de-especies-nativas\/\">Regeneracion de Especies Nativas<\/a><br \/>\n<a href=\"https:\/\/ecologiafluvial.cup.edu.uy\/index.php\/2018\/01\/16\/calidad-y-cantidad-de-agua-en-la-cuenca-del-rio-queguay\/\">Calidad y cantidad de agua en la Cuenca del R\u00edo Queguay<\/a><\/p>\n","protected":false},"excerpt":{"rendered":"<p>Objetivo general La investigaci\u00f3n del Polo de Ecolog\u00eda Fluvial es comprender de manera integrada los ecosistemas fluviales, a fin de poder conservarlos y gestionarlos a partir del mejor el conocimiento disponible. Para lograr este objetivo se propone tres l\u00edneas de investigaci\u00f3n: I- Ecolog\u00eda de ecosistemas fluviales de los afluentes del &hellip;<\/p>\n","protected":false},"author":2,"featured_media":0,"parent":150,"menu_order":0,"comment_status":"closed","ping_status":"closed","template":"","meta":{"footnotes":""},"class_list":["post-9","page","type-page","status-publish","hentry"],"_links":{"self":[{"href":"https:\/\/ecologiafluvial.cup.edu.uy\/index.php\/wp-json\/wp\/v2\/pages\/9","targetHints":{"allow":["GET"]}}],"collection":[{"href":"https:\/\/ecologiafluvial.cup.edu.uy\/index.php\/wp-json\/wp\/v2\/pages"}],"about":[{"href":"https:\/\/ecologiafluvial.cup.edu.uy\/index.php\/wp-json\/wp\/v2\/types\/page"}],"author":[{"embeddable":true,"href":"https:\/\/ecologiafluvial.cup.edu.uy\/index.php\/wp-json\/wp\/v2\/users\/2"}],"replies":[{"embeddable":true,"href":"https:\/\/ecologiafluvial.cup.edu.uy\/index.php\/wp-json\/wp\/v2\/comments?post=9"}],"version-history":[{"count":25,"href":"https:\/\/ecologiafluvial.cup.edu.uy\/index.php\/wp-json\/wp\/v2\/pages\/9\/revisions"}],"predecessor-version":[{"id":455,"href":"https:\/\/ecologiafluvial.cup.edu.uy\/index.php\/wp-json\/wp\/v2\/pages\/9\/revisions\/455"}],"up":[{"embeddable":true,"href":"https:\/\/ecologiafluvial.cup.edu.uy\/index.php\/wp-json\/wp\/v2\/pages\/150"}],"wp:attachment":[{"href":"https:\/\/ecologiafluvial.cup.edu.uy\/index.php\/wp-json\/wp\/v2\/media?parent=9"}],"curies":[{"name":"wp","href":"https:\/\/api.w.org\/{rel}","templated":true}]}}